{"id":1063,"date":"2023-09-18T08:54:57","date_gmt":"2023-09-18T06:54:57","guid":{"rendered":"https:\/\/naturoterrehappy.fr\/?page_id=1063"},"modified":"2025-12-19T15:16:31","modified_gmt":"2025-12-19T14:16:31","slug":"soin-massage-assis","status":"publish","type":"page","link":"https:\/\/naturoterrehappy.fr\/index.php\/soin-massage-assis\/","title":{"rendered":"Soin massage assis"},"content":{"rendered":"<div id=\"wp-socials\" style=\"margin-top:20px;margin-bottom:0px;\"><div id=\"wp-socials-general-btn\"><div id=\"wp-socials-plusone\">\r\n                <!-- Place this tag in your head or just before your close body tag. -->\r\n                <script src=\"https:\/\/apis.google.com\/js\/platform.js\" async defer>\r\n                  {lang: 'fr'}\r\n                <\/script>\r\n\r\n                <!-- Place this tag where you want the share button to render. -->\r\n                <div class=\"g-plus\" data-action=\"share\" data-annotation=\"inline\" data-height=\"58\" data-size=\"small\" data-href=\"https:\/\/naturoterrehappy.fr\/index.php\/soin-massage-assis\/\"><\/div><\/div><\/div><div style=\"clear:both\"><\/div><\/div>\n<div class=\"wp-block-media-text alignwide is-stacked-on-mobile\" style=\"grid-template-columns:41% auto\"><figure class=\"wp-block-media-text__media\"><img loading=\"lazy\" decoding=\"async\" width=\"784\" height=\"1024\" src=\"https:\/\/naturoterrehappy.fr\/wp-content\/uploads\/2023\/09\/massage-amma-1-1-784x1024.jpg\" alt=\"\" class=\"wp-image-963 size-full\" srcset=\"https:\/\/naturoterrehappy.fr\/wp-content\/uploads\/2023\/09\/massage-amma-1-1-784x1024.jpg 784w, https:\/\/naturoterrehappy.fr\/wp-content\/uploads\/2023\/09\/massage-amma-1-1-230x300.jpg 230w, https:\/\/naturoterrehappy.fr\/wp-content\/uploads\/2023\/09\/massage-amma-1-1-768x1004.jpg 768w, https:\/\/naturoterrehappy.fr\/wp-content\/uploads\/2023\/09\/massage-amma-1-1-1175x1536.jpg 1175w, https:\/\/naturoterrehappy.fr\/wp-content\/uploads\/2023\/09\/massage-amma-1-1-1567x2048.jpg 1567w, https:\/\/naturoterrehappy.fr\/wp-content\/uploads\/2023\/09\/massage-amma-1-1.jpg 1844w\" sizes=\"(max-width: 767px) 89vw, (max-width: 1000px) 54vw, (max-width: 1071px) 543px, 580px\" \/><\/figure><div class=\"wp-block-media-text__content\">\n<p><mark style=\"background-color:rgba(0, 0, 0, 0);color:#8d4065\" class=\"has-inline-color\"><strong>MASSAGE ASSIS<\/strong> <\/mark><\/p>\n\n\n\n<p>A la fois soin \u00e9nerg\u00e9tiques et soin psycho-\u00e9motionnel<\/p>\n\n\n\n<p> Le massage AMMA est n\u00e9 en Chine. Anc\u00eatre du SHIATSU il signifie <strong>\u00a0\u00bbcalmer par le toucher\u00a0\u00bb<\/strong>.  C&rsquo;est une technique de massage non m\u00e9dical et non th\u00e9rapeutique compos\u00e9e de pressions, de percussions et de balayages visant \u00e0 soulager les tensions, \u00e0 d\u00e9tendre le dos, les \u00e9paules, les bras, les mains, la t\u00eate et la nuque.  Ce travail sur les m\u00e9ridiens stimulent la circulation \u00e9nerg\u00e9tique et le circulation sanguine, r\u00e9oxyg\u00e8ne et dynamise en un minimum de temps.<\/p>\n<\/div><\/div>\n\n\n\n<p><a href=\"https:\/\/naturoterrehappy.fr\/index.php\/le-massage-assis-ou-massage-amma\/\">le massage assis, en savoir plus<\/a><\/p>\n\n\n\n<p><a href=\"https:\/\/naturoterrehappy.fr\/index.php\/tarifs\/\">les tarifs, en savoir plus<\/a><\/p>\n\n\n<div class=\"wp-block-image is-style-rounded\">\n<figure class=\"aligncenter size-large is-resized\"><img loading=\"lazy\" decoding=\"async\" width=\"784\" height=\"1024\" src=\"https:\/\/naturoterrehappy.fr\/wp-content\/uploads\/2023\/09\/massage-amma-1-1-784x1024.jpg\" alt=\"\" class=\"wp-image-963\" style=\"width:377px;height:492px\" srcset=\"https:\/\/naturoterrehappy.fr\/wp-content\/uploads\/2023\/09\/massage-amma-1-1-784x1024.jpg 784w, https:\/\/naturoterrehappy.fr\/wp-content\/uploads\/2023\/09\/massage-amma-1-1-230x300.jpg 230w, https:\/\/naturoterrehappy.fr\/wp-content\/uploads\/2023\/09\/massage-amma-1-1-768x1004.jpg 768w, https:\/\/naturoterrehappy.fr\/wp-content\/uploads\/2023\/09\/massage-amma-1-1-1175x1536.jpg 1175w, https:\/\/naturoterrehappy.fr\/wp-content\/uploads\/2023\/09\/massage-amma-1-1-1567x2048.jpg 1567w, https:\/\/naturoterrehappy.fr\/wp-content\/uploads\/2023\/09\/massage-amma-1-1.jpg 1844w\" sizes=\"(max-width: 767px) 89vw, (max-width: 1000px) 54vw, (max-width: 1071px) 543px, 580px\" \/><\/figure><\/div>\n\n\n<p>Le massage amma assis est assez simple et peut ce pratiquer partout : en entreprise, sur diff\u00e9rentes manifestations (salon, regroupement sp\u00e9ciaux, courses de VTT&#8230;), en derni\u00e8re ligne droite d&rsquo;un mariage, lors d&rsquo;une r\u00e9union entre filles&#8230;. <\/p>\n\n\n\n<p>Ce massage se pratique habill\u00e9 en positon assise sur une chaise sp\u00e9cialement con\u00e7u pour permettre confort et rel\u00e2chement total afin d&rsquo;appr\u00e9cier ce moment.<\/p>\n\n\n\n<p>Le massage peut durer entre 15 et 30 minutes et est adaptable \u00e0 la personne et au temps disponible pour la personne sans en perdre son efficacit\u00e9 ni ces r\u00e9sultats. C&rsquo;est une technique pr\u00e9cise qui utilise quatre types de mouvements diff\u00e9rents: des pressions, des balayages, des \u00e9tirements et des percussions et en ce concentre sur le dos, les lombaires et le cou principalement. <\/p>\n\n\n\n<p>Il est tr\u00e8s efficace pour lutter contre les tensions et les douleurs qui s\u2019accumulent dans cette zone. Sa facilit\u00e9 d\u2019ex\u00e9cution en fait le rem\u00e8de id\u00e9al contre le stress, notamment dans le milieu du travail.<\/p>\n\n\n\n<p>Alors n&rsquo;h\u00e9siter pas \u00e7a en vaut la peine&#8230;.le seul risque&#8230;.devenir accros<\/p>\n\n\n\n<p>Virginie<img loading=\"lazy\" decoding=\"async\" width=\"87\" height=\"80\" class=\"wp-image-1476\" style=\"width: 20px;\" src=\"https:\/\/naturoterrehappy.fr\/wp-content\/uploads\/2025\/12\/emoji-plume.jpg\" alt=\"\"><\/p>\n","protected":false},"excerpt":{"rendered":"<div id=\"wp-socials\" style=\"margin-top:20px;margin-bottom:0px;\"><div id=\"wp-socials-general-btn\"><div id=\"wp-socials-plusone\">\r\n                <!-- Place this tag in your head or just before your close body tag. -->\r\n                <script src=\"https:\/\/apis.google.com\/js\/platform.js\" async defer>\r\n                  {lang: 'fr'}\r\n                <\/script>\r\n\r\n                <!-- Place this tag where you want the share button to render. -->\r\n                <div class=\"g-plus\" data-action=\"share\" data-annotation=\"inline\" data-height=\"58\" data-size=\"small\" data-href=\"https:\/\/naturoterrehappy.fr\/index.php\/soin-massage-assis\/\"><\/div><\/div><\/div><div style=\"clear:both\"><\/div><\/div><p>MASSAGE ASSIS A la fois soin \u00e9nerg\u00e9tiques et soin psycho-\u00e9motionnel Le massage AMMA est n\u00e9 en Chine. Anc\u00eatre du SHIATSU il signifie \u00a0\u00bbcalmer par le toucher\u00a0\u00bb. C&rsquo;est une technique de massage non m\u00e9dical et non th\u00e9rapeutique compos\u00e9e de pressions, de percussions et de balayages visant \u00e0 soulager les tensions, \u00e0 d\u00e9tendre le dos, les \u00e9paules, &hellip; <\/p>\n<p class=\"link-more\"><a href=\"https:\/\/naturoterrehappy.fr\/index.php\/soin-massage-assis\/\" class=\"more-link\">Continuer la lecture<span class=\"screen-reader-text\"> de &laquo;&nbsp;Soin massage assis&nbsp;&raquo;<\/span><\/a><\/p>\n","protected":false},"author":1,"featured_media":0,"parent":0,"menu_order":0,"comment_status":"closed","ping_status":"closed","template":"","meta":{"footnotes":""},"yoast_head":"<!-- This site is optimized with the Yoast SEO plugin v19.13 - https:\/\/yoast.com\/wordpress\/plugins\/seo\/ -->\n<title>Soin massage assis - Naturo Terre Happy<\/title>\n<meta name=\"robots\" content=\"index, follow, max-snippet:-1, max-image-preview:large, max-video-preview:-1\" \/>\n<link rel=\"canonical\" href=\"https:\/\/naturoterrehappy.fr\/index.php\/soin-massage-assis\/\" \/>\n<meta property=\"og:locale\" content=\"fr_FR\" \/>\n<meta property=\"og:type\" content=\"article\" \/>\n<meta property=\"og:title\" content=\"Soin massage assis - Naturo Terre Happy\" \/>\n<meta property=\"og:description\" content=\"MASSAGE ASSIS A la fois soin \u00e9nerg\u00e9tiques et soin psycho-\u00e9motionnel Le massage AMMA est n\u00e9 en Chine. Anc\u00eatre du SHIATSU il signifie \u00a0\u00bbcalmer par le toucher\u00a0\u00bb. C&rsquo;est une technique de massage non m\u00e9dical et non th\u00e9rapeutique compos\u00e9e de pressions, de percussions et de balayages visant \u00e0 soulager les tensions, \u00e0 d\u00e9tendre le dos, les \u00e9paules, &hellip; Continuer la lecture de &laquo;&nbsp;Soin massage assis&nbsp;&raquo;\" \/>\n<meta property=\"og:url\" content=\"https:\/\/naturoterrehappy.fr\/index.php\/soin-massage-assis\/\" \/>\n<meta property=\"og:site_name\" content=\"Naturo Terre Happy\" \/>\n<meta property=\"article:publisher\" content=\"https:\/\/www.facebook.com\/virginie.verel\" \/>\n<meta property=\"article:modified_time\" content=\"2025-12-19T14:16:31+00:00\" \/>\n<meta property=\"og:image\" content=\"https:\/\/naturoterrehappy.fr\/wp-content\/uploads\/2023\/09\/massage-amma-1-1-784x1024.jpg\" \/>\n<meta name=\"twitter:card\" content=\"summary_large_image\" \/>\n<meta name=\"twitter:label1\" content=\"Dur\u00e9e de lecture estim\u00e9e\" \/>\n\t<meta name=\"twitter:data1\" content=\"1 minute\" \/>\n<script type=\"application\/ld+json\" class=\"yoast-schema-graph\">{\"@context\":\"https:\/\/schema.org\",\"@graph\":[{\"@type\":\"WebPage\",\"@id\":\"https:\/\/naturoterrehappy.fr\/index.php\/soin-massage-assis\/\",\"url\":\"https:\/\/naturoterrehappy.fr\/index.php\/soin-massage-assis\/\",\"name\":\"Soin massage assis - Naturo Terre Happy\",\"isPartOf\":{\"@id\":\"https:\/\/naturoterrehappy.fr\/#website\"},\"datePublished\":\"2023-09-18T06:54:57+00:00\",\"dateModified\":\"2025-12-19T14:16:31+00:00\",\"breadcrumb\":{\"@id\":\"https:\/\/naturoterrehappy.fr\/index.php\/soin-massage-assis\/#breadcrumb\"},\"inLanguage\":\"fr-FR\",\"potentialAction\":[{\"@type\":\"ReadAction\",\"target\":[\"https:\/\/naturoterrehappy.fr\/index.php\/soin-massage-assis\/\"]}]},{\"@type\":\"BreadcrumbList\",\"@id\":\"https:\/\/naturoterrehappy.fr\/index.php\/soin-massage-assis\/#breadcrumb\",\"itemListElement\":[{\"@type\":\"ListItem\",\"position\":1,\"name\":\"Accueil\",\"item\":\"https:\/\/naturoterrehappy.fr\/\"},{\"@type\":\"ListItem\",\"position\":2,\"name\":\"Soin massage assis\"}]},{\"@type\":\"WebSite\",\"@id\":\"https:\/\/naturoterrehappy.fr\/#website\",\"url\":\"https:\/\/naturoterrehappy.fr\/\",\"name\":\"Naturo Terre Happy\",\"description\":\"Les cl\u00e9s de la sant\u00e9:  Respecter sa Nature profonde, Respecter la Nature gu\u00e9risseuse, Respecter le vivant et ces lois\",\"publisher\":{\"@id\":\"https:\/\/naturoterrehappy.fr\/#\/schema\/person\/8bf7540304db646eac9c6271483f14f5\"},\"potentialAction\":[{\"@type\":\"SearchAction\",\"target\":{\"@type\":\"EntryPoint\",\"urlTemplate\":\"https:\/\/naturoterrehappy.fr\/?s={search_term_string}\"},\"query-input\":\"required name=search_term_string\"}],\"inLanguage\":\"fr-FR\"},{\"@type\":[\"Person\",\"Organization\"],\"@id\":\"https:\/\/naturoterrehappy.fr\/#\/schema\/person\/8bf7540304db646eac9c6271483f14f5\",\"name\":\"admin8212\",\"image\":{\"@type\":\"ImageObject\",\"inLanguage\":\"fr-FR\",\"@id\":\"https:\/\/naturoterrehappy.fr\/#\/schema\/person\/image\/\",\"url\":\"https:\/\/secure.gravatar.com\/avatar\/8ea9e5229c1252336ff46e6df56d34ff?s=96&d=mm&r=g\",\"contentUrl\":\"https:\/\/secure.gravatar.com\/avatar\/8ea9e5229c1252336ff46e6df56d34ff?s=96&d=mm&r=g\",\"caption\":\"admin8212\"},\"logo\":{\"@id\":\"https:\/\/naturoterrehappy.fr\/#\/schema\/person\/image\/\"},\"sameAs\":[\"http:\/\/naturoterrehappy.fr\",\"https:\/\/www.facebook.com\/virginie.verel\",\"https:\/\/www.instagram.com\/virginieverel.naturoterrehappy\/\",\"https:\/\/www.linkedin.com\/in\/virginie-verel-a68254211\/\",\"https:\/\/www.pinterest.fr\/Naturoterrehappy\/\",\"https:\/\/www.youtube.com\/channel\/UC322SLWURYVRVehV1hT8ubw\"]}]}<\/script>\n<!-- \/ Yoast SEO plugin. -->","yoast_head_json":{"title":"Soin massage assis - Naturo Terre Happy","robots":{"index":"index","follow":"follow","max-snippet":"max-snippet:-1","max-image-preview":"max-image-preview:large","max-video-preview":"max-video-preview:-1"},"canonical":"https:\/\/naturoterrehappy.fr\/index.php\/soin-massage-assis\/","og_locale":"fr_FR","og_type":"article","og_title":"Soin massage assis - Naturo Terre Happy","og_description":"MASSAGE ASSIS A la fois soin \u00e9nerg\u00e9tiques et soin psycho-\u00e9motionnel Le massage AMMA est n\u00e9 en Chine. Anc\u00eatre du SHIATSU il signifie \u00a0\u00bbcalmer par le toucher\u00a0\u00bb. C&rsquo;est une technique de massage non m\u00e9dical et non th\u00e9rapeutique compos\u00e9e de pressions, de percussions et de balayages visant \u00e0 soulager les tensions, \u00e0 d\u00e9tendre le dos, les \u00e9paules, &hellip; Continuer la lecture de &laquo;&nbsp;Soin massage assis&nbsp;&raquo;","og_url":"https:\/\/naturoterrehappy.fr\/index.php\/soin-massage-assis\/","og_site_name":"Naturo Terre Happy","article_publisher":"https:\/\/www.facebook.com\/virginie.verel","article_modified_time":"2025-12-19T14:16:31+00:00","og_image":[{"url":"https:\/\/naturoterrehappy.fr\/wp-content\/uploads\/2023\/09\/massage-amma-1-1-784x1024.jpg"}],"twitter_card":"summary_large_image","twitter_misc":{"Dur\u00e9e de lecture estim\u00e9e":"1 minute"},"schema":{"@context":"https:\/\/schema.org","@graph":[{"@type":"WebPage","@id":"https:\/\/naturoterrehappy.fr\/index.php\/soin-massage-assis\/","url":"https:\/\/naturoterrehappy.fr\/index.php\/soin-massage-assis\/","name":"Soin massage assis - Naturo Terre Happy","isPartOf":{"@id":"https:\/\/naturoterrehappy.fr\/#website"},"datePublished":"2023-09-18T06:54:57+00:00","dateModified":"2025-12-19T14:16:31+00:00","breadcrumb":{"@id":"https:\/\/naturoterrehappy.fr\/index.php\/soin-massage-assis\/#breadcrumb"},"inLanguage":"fr-FR","potentialAction":[{"@type":"ReadAction","target":["https:\/\/naturoterrehappy.fr\/index.php\/soin-massage-assis\/"]}]},{"@type":"BreadcrumbList","@id":"https:\/\/naturoterrehappy.fr\/index.php\/soin-massage-assis\/#breadcrumb","itemListElement":[{"@type":"ListItem","position":1,"name":"Accueil","item":"https:\/\/naturoterrehappy.fr\/"},{"@type":"ListItem","position":2,"name":"Soin massage assis"}]},{"@type":"WebSite","@id":"https:\/\/naturoterrehappy.fr\/#website","url":"https:\/\/naturoterrehappy.fr\/","name":"Naturo Terre Happy","description":"Les cl\u00e9s de la sant\u00e9:  Respecter sa Nature profonde, Respecter la Nature gu\u00e9risseuse, Respecter le vivant et ces lois","publisher":{"@id":"https:\/\/naturoterrehappy.fr\/#\/schema\/person\/8bf7540304db646eac9c6271483f14f5"},"potentialAction":[{"@type":"SearchAction","target":{"@type":"EntryPoint","urlTemplate":"https:\/\/naturoterrehappy.fr\/?s={search_term_string}"},"query-input":"required name=search_term_string"}],"inLanguage":"fr-FR"},{"@type":["Person","Organization"],"@id":"https:\/\/naturoterrehappy.fr\/#\/schema\/person\/8bf7540304db646eac9c6271483f14f5","name":"admin8212","image":{"@type":"ImageObject","inLanguage":"fr-FR","@id":"https:\/\/naturoterrehappy.fr\/#\/schema\/person\/image\/","url":"https:\/\/secure.gravatar.com\/avatar\/8ea9e5229c1252336ff46e6df56d34ff?s=96&d=mm&r=g","contentUrl":"https:\/\/secure.gravatar.com\/avatar\/8ea9e5229c1252336ff46e6df56d34ff?s=96&d=mm&r=g","caption":"admin8212"},"logo":{"@id":"https:\/\/naturoterrehappy.fr\/#\/schema\/person\/image\/"},"sameAs":["http:\/\/naturoterrehappy.fr","https:\/\/www.facebook.com\/virginie.verel","https:\/\/www.instagram.com\/virginieverel.naturoterrehappy\/","https:\/\/www.linkedin.com\/in\/virginie-verel-a68254211\/","https:\/\/www.pinterest.fr\/Naturoterrehappy\/","https:\/\/www.youtube.com\/channel\/UC322SLWURYVRVehV1hT8ubw"]}]}},"_links":{"self":[{"href":"https:\/\/naturoterrehappy.fr\/index.php\/wp-json\/wp\/v2\/pages\/1063"}],"collection":[{"href":"https:\/\/naturoterrehappy.fr\/index.php\/wp-json\/wp\/v2\/pages"}],"about":[{"href":"https:\/\/naturoterrehappy.fr\/index.php\/wp-json\/wp\/v2\/types\/page"}],"author":[{"embeddable":true,"href":"https:\/\/naturoterrehappy.fr\/index.php\/wp-json\/wp\/v2\/users\/1"}],"replies":[{"embeddable":true,"href":"https:\/\/naturoterrehappy.fr\/index.php\/wp-json\/wp\/v2\/comments?post=1063"}],"version-history":[{"count":3,"href":"https:\/\/naturoterrehappy.fr\/index.php\/wp-json\/wp\/v2\/pages\/1063\/revisions"}],"predecessor-version":[{"id":1588,"href":"https:\/\/naturoterrehappy.fr\/index.php\/wp-json\/wp\/v2\/pages\/1063\/revisions\/1588"}],"wp:attachment":[{"href":"https:\/\/naturoterrehappy.fr\/index.php\/wp-json\/wp\/v2\/media?parent=1063"}],"curies":[{"name":"wp","href":"https:\/\/api.w.org\/{rel}","templated":true}]}}