{"id":1381,"date":"2024-02-29T11:28:24","date_gmt":"2024-02-29T10:28:24","guid":{"rendered":"https:\/\/naturoterrehappy.fr\/?page_id=1381"},"modified":"2024-02-29T15:00:03","modified_gmt":"2024-02-29T14:00:03","slug":"temoignages","status":"publish","type":"page","link":"https:\/\/naturoterrehappy.fr\/index.php\/temoignages\/","title":{"rendered":"T\u00e9moignages"},"content":{"rendered":"<div id=\"wp-socials\" style=\"margin-top:20px;margin-bottom:0px;\"><div id=\"wp-socials-general-btn\"><div id=\"wp-socials-plusone\">\r\n                <!-- Place this tag in your head or just before your close body tag. -->\r\n                <script src=\"https:\/\/apis.google.com\/js\/platform.js\" async defer>\r\n                  {lang: 'fr'}\r\n                <\/script>\r\n\r\n                <!-- Place this tag where you want the share button to render. -->\r\n                <div class=\"g-plus\" data-action=\"share\" data-annotation=\"inline\" data-height=\"58\" data-size=\"small\" data-href=\"https:\/\/naturoterrehappy.fr\/index.php\/temoignages\/\"><\/div><\/div><\/div><div style=\"clear:both\"><\/div><\/div>\n<p>\ud83d\ude4f Merci de la confiance que vous m&rsquo;avez accorder sur votre chemin <\/p>\n\n\n\n<p> <a href=\"https:\/\/www.google.com\/maps\/contrib\/103859714844089743530\/reviews\"><\/a><\/p>\n\n\n\n<div class=\"wp-block-columns is-layout-flex wp-container-core-columns-layout-1 wp-block-columns-is-layout-flex\">\n<div class=\"wp-block-column is-layout-flow wp-block-column-is-layout-flow\">\n<figure class=\"wp-block-image size-full\"><img loading=\"lazy\" decoding=\"async\" width=\"241\" height=\"155\" src=\"https:\/\/naturoterrehappy.fr\/wp-content\/uploads\/2024\/01\/communaute-de-commune-falaises-du-talou.jpg\" alt=\"\" class=\"wp-image-1224\"\/><\/figure>\n<\/div>\n\n\n\n<div class=\"wp-block-column is-layout-flow wp-block-column-is-layout-flow\">\n<figure class=\"wp-block-image size-full\"><img loading=\"lazy\" decoding=\"async\" width=\"487\" height=\"235\" src=\"https:\/\/naturoterrehappy.fr\/wp-content\/uploads\/2024\/01\/admr.jpg\" alt=\"\" class=\"wp-image-1223\" srcset=\"https:\/\/naturoterrehappy.fr\/wp-content\/uploads\/2024\/01\/admr.jpg 487w, https:\/\/naturoterrehappy.fr\/wp-content\/uploads\/2024\/01\/admr-300x145.jpg 300w\" sizes=\"(max-width: 487px) 100vw, 487px\" \/><\/figure>\n<\/div>\n<\/div>\n\n\n\n<div class=\"wp-block-columns is-layout-flex wp-container-core-columns-layout-3 wp-block-columns-is-layout-flex\">\n<div class=\"wp-block-column is-layout-flow wp-block-column-is-layout-flow\" style=\"flex-basis:100%\">\n<div class=\"wp-block-columns is-layout-flex wp-container-core-columns-layout-2 wp-block-columns-is-layout-flex\">\n<div class=\"wp-block-column is-layout-flow wp-block-column-is-layout-flow\">\n<p><strong>CLAIRE H.<\/strong><\/p>\n\n\n\n<p>Je suis tr\u00e8s heureuse d\u2019avoir rencontr\u00e9 Virginie qui s\u2019est montr\u00e9e bienveillante et tr\u00e8s \u00e0 l\u2019\u00e9coute d\u00e8s notre premi\u00e8re rencontre. Elle m\u2019a apport\u00e9 un suivi de qualit\u00e9, toujours en effectuant un travail global et en \u00e9coutant de pr\u00e8s mes besoins.<br>Si vous \u00eates \u00e0 la recherche d\u2019une aide bienveillante vers le chemin de l\u2019apaisement je vous recommande vivement Virginie \ud83d\ude42<\/p>\n<\/div>\n\n\n\n<div class=\"wp-block-column is-layout-flow wp-block-column-is-layout-flow\">\n<p><strong>FABIOLA D<\/strong>.<\/p>\n\n\n\n<p>Je suis tr\u00e8s contente, d&rsquo;avoir fait l&rsquo;exp\u00e9rience (3 s\u00e9ances).<br>La premi\u00e8re ne m&rsquo;a pas apport\u00e9 beaucoup, \u00e0 part de la fatigue.<br>Par contre \u00e0 la 2e, j&rsquo;ai ressenti un rebond d&rsquo;\u00e9nergies qui n&rsquo;a dur\u00e9 que quelques jours. A la 3e s\u00e9ances j&rsquo;ai nettement vu la diff\u00e9rence, une fatigue juste apr\u00e8s le soin mais une vitalit\u00e9 que j&rsquo;ai retrouv\u00e9e, une envie de faire des choses, ces d\u00e9blocages m&rsquo;ont permis de me sentir nettement mieux. Merci Virginie<br>et \u00e0 tr\u00e8s bient\u00f4t pour 3 nouvelles s\u00e9ances quand j&rsquo;en ressentirai le besoin.<\/p>\n<\/div>\n\n\n\n<div class=\"wp-block-column is-layout-flow wp-block-column-is-layout-flow\">\n<p><strong>SUE-ELLEN<\/strong><\/p>\n\n\n\n<p>Des soins \u00e9nerg\u00e9tiques reiki vraiment apaisant et ressour\u00e7ant. Un bien-\u00eatre envahis tout notre corps \ud83d\ude4f<br>Virginie est une personne tr\u00e8s \u00e0 l&rsquo;\u00e9coute et douce \u263a\ufe0f\ud83d\ude42 je recommande\ud83e\udd17<\/p>\n<\/div>\n<\/div>\n<\/div>\n<\/div>\n\n\n\n<div class=\"wp-block-columns is-layout-flex wp-container-core-columns-layout-4 wp-block-columns-is-layout-flex\">\n<div class=\"wp-block-column is-layout-flow wp-block-column-is-layout-flow\">\n<p><strong>JULIE D.<\/strong><\/p>\n\n\n\n<p>Je remercie grandement Virginie de m avoir accompagn\u00e9e tout au long de ce processus pour r\u00e9\u00e9quilibrer tout mon corps qui avait \u00e9t\u00e9 mis \u00e0 l \u00e9preuve pendant bien trop d ann\u00e9es et qui avait manifest\u00e9 son \u00ab\u00a0raz le bol\u00a0\u00bb par une multitude de sympt\u00f4mes envahissants et \u00e9puisants. J ai suivi ses conseils \u00e0 la lettre, cela a \u00e9t\u00e9 long mais quand je vois le r\u00e9sultat aujourd&rsquo;hui je ne peux que la remercier de m&rsquo;avoir remise sur la route de mon bien \u00eatre.<br>Les 2seances reiki m ont aussi permis de d\u00e9bloquer les \u00e9nergies et de constater o\u00f9 se situent les blocages. La encore Virginie est de bon conseil pour en \u00e9changer et orienter vers des solutions adapt\u00e9es. Je ne peux que recommander les services de Virginie \u00e0 tous ceux qui veulent retrouver le chemin du prendre soin de soi!<\/p>\n<\/div>\n\n\n\n<div class=\"wp-block-column is-layout-flow wp-block-column-is-layout-flow\">\n<p><strong>CHRISTELLE G<\/strong>.<\/p>\n\n\n\n<p>J&rsquo;ai fais plusieurs s\u00e9ances de Reiki avec Virginie pour diminuer le stress et des la premi\u00e8re s\u00e9ance j&rsquo;ai ressenti les bienfaits . Virginie est \u00e0 l&rsquo;\u00e9coute de notre corps et apaise les douleurs enfouis . Depuis que je fais les s\u00e9ances, je dors mieux ,plus de crise d&rsquo;angoisse en fin de journ\u00e9e. J&rsquo;ai \u00e9galement fait deux rdv naturopathie pour retrouver un \u00e9quilibre alimentaire . . Merci \u00e0 Virginie pour tous ces conseils et sa disponibilit\u00e9<\/p>\n<\/div>\n\n\n\n<div class=\"wp-block-column is-layout-flow wp-block-column-is-layout-flow\">\n<p><strong>ANNE V.<\/strong><\/p>\n\n\n\n<p>Tant en consultation naturopathe qu en soin reiki, Mme Verel est \u00e0 l \u00e9coute et tr\u00e8s douce. J ai beaucoup appr\u00e9ci\u00e9 son \u00e9coute et sa bienveillance. Je recommande vivement<\/p>\n<\/div>\n<\/div>\n\n\n\n<div class=\"wp-block-columns is-layout-flex wp-container-core-columns-layout-5 wp-block-columns-is-layout-flex\">\n<div class=\"wp-block-column is-layout-flow wp-block-column-is-layout-flow\">\n<p><strong>CELINE L.<\/strong><\/p>\n\n\n\n<p>je suis tr\u00e8s satisfaite de Virginie VEREL qui est bienveillante, \u00e0 l&rsquo;\u00e9coute et tr\u00e8s disponible. Elle a su trouver un programme qui me correspond, me conseiller sur les produits naturels adapt\u00e9 pour moi. J&rsquo;ai retrouv\u00e9 confiance en la nourriture et le repas du soir n&rsquo;est plus source de stress ni culpabilisant. En 4 mois j&rsquo;ai perdu 6kg.<\/p>\n<\/div>\n\n\n\n<div class=\"wp-block-column is-layout-flow wp-block-column-is-layout-flow\">\n<p><strong>LENA D.<\/strong><\/p>\n\n\n\n<p>Je recommande vivement Virginie pour sa sympathie et son professionnalisme.<br>Gr\u00e2ce \u00e0 son programme j\u2019ai pu suivre mes \u00e9tudes qui demande beaucoup d\u2019\u00e9nergie dans les meilleures conditions qui soient.<br>Elle s\u2019adapte \u00e0 nos besoins et aussi \u00e0 notre capacit\u00e9 \u00e0 respecter le programme.<\/p>\n\n\n\n<p>Son programme m\u2019a permis d\u2019avoir la forme et l\u2019\u00e9nergie n\u00e9cessaire \u00e0 l\u2019aide de produits naturels, mais aussi sans m\u00eame faire d\u2019effort j\u2019ai perdu 5kg en 4 mois<\/p>\n<\/div>\n\n\n\n<div class=\"wp-block-column is-layout-flow wp-block-column-is-layout-flow\"><\/div>\n<\/div>\n\n\n\n<p><a href=\"https:\/\/www.google.com\/maps\/contrib\/111330725671991879206\/reviews\"><\/a><\/p>\n\n\n\n<p><a href=\"https:\/\/www.google.com\/maps\/contrib\/111330725671991879206\/reviews\"><\/a><\/p>\n","protected":false},"excerpt":{"rendered":"<div id=\"wp-socials\" style=\"margin-top:20px;margin-bottom:0px;\"><div id=\"wp-socials-general-btn\"><div id=\"wp-socials-plusone\">\r\n                <!-- Place this tag in your head or just before your close body tag. -->\r\n                <script src=\"https:\/\/apis.google.com\/js\/platform.js\" async defer>\r\n                  {lang: 'fr'}\r\n                <\/script>\r\n\r\n                <!-- Place this tag where you want the share button to render. -->\r\n                <div class=\"g-plus\" data-action=\"share\" data-annotation=\"inline\" data-height=\"58\" data-size=\"small\" data-href=\"https:\/\/naturoterrehappy.fr\/index.php\/temoignages\/\"><\/div><\/div><\/div><div style=\"clear:both\"><\/div><\/div><p>\ud83d\ude4f Merci de la confiance que vous m&rsquo;avez accorder sur votre chemin CLAIRE H. Je suis tr\u00e8s heureuse d\u2019avoir rencontr\u00e9 Virginie qui s\u2019est montr\u00e9e bienveillante et tr\u00e8s \u00e0 l\u2019\u00e9coute d\u00e8s notre premi\u00e8re rencontre. Elle m\u2019a apport\u00e9 un suivi de qualit\u00e9, toujours en effectuant un travail global et en \u00e9coutant de pr\u00e8s mes besoins.Si vous \u00eates &hellip; <\/p>\n<p class=\"link-more\"><a href=\"https:\/\/naturoterrehappy.fr\/index.php\/temoignages\/\" class=\"more-link\">Continuer la lecture<span class=\"screen-reader-text\"> de &laquo;&nbsp;T\u00e9moignages&nbsp;&raquo;<\/span><\/a><\/p>\n","protected":false},"author":1,"featured_media":1394,"parent":0,"menu_order":0,"comment_status":"closed","ping_status":"closed","template":"","meta":{"footnotes":""},"yoast_head":"<!-- This site is optimized with the Yoast SEO plugin v19.13 - https:\/\/yoast.com\/wordpress\/plugins\/seo\/ -->\n<title>T\u00e9moignages - Naturo Terre Happy<\/title>\n<meta name=\"robots\" content=\"index, follow, max-snippet:-1, max-image-preview:large, max-video-preview:-1\" \/>\n<link rel=\"canonical\" href=\"https:\/\/naturoterrehappy.fr\/index.php\/temoignages\/\" \/>\n<meta property=\"og:locale\" content=\"fr_FR\" \/>\n<meta property=\"og:type\" content=\"article\" \/>\n<meta property=\"og:title\" content=\"T\u00e9moignages - Naturo Terre Happy\" \/>\n<meta property=\"og:description\" content=\"\ud83d\ude4f Merci de la confiance que vous m&rsquo;avez accorder sur votre chemin CLAIRE H. Je suis tr\u00e8s heureuse d\u2019avoir rencontr\u00e9 Virginie qui s\u2019est montr\u00e9e bienveillante et tr\u00e8s \u00e0 l\u2019\u00e9coute d\u00e8s notre premi\u00e8re rencontre. Elle m\u2019a apport\u00e9 un suivi de qualit\u00e9, toujours en effectuant un travail global et en \u00e9coutant de pr\u00e8s mes besoins.Si vous \u00eates &hellip; Continuer la lecture de &laquo;&nbsp;T\u00e9moignages&nbsp;&raquo;\" \/>\n<meta property=\"og:url\" content=\"https:\/\/naturoterrehappy.fr\/index.php\/temoignages\/\" \/>\n<meta property=\"og:site_name\" content=\"Naturo Terre Happy\" \/>\n<meta property=\"article:publisher\" content=\"https:\/\/www.facebook.com\/virginie.verel\" \/>\n<meta property=\"article:modified_time\" content=\"2024-02-29T14:00:03+00:00\" \/>\n<meta property=\"og:image\" content=\"https:\/\/naturoterrehappy.fr\/wp-content\/uploads\/2024\/02\/NATURO-TERRE-HAPPY-13.1-1024x576.png\" \/>\n\t<meta property=\"og:image:width\" content=\"1024\" \/>\n\t<meta property=\"og:image:height\" content=\"576\" \/>\n\t<meta property=\"og:image:type\" content=\"image\/png\" \/>\n<meta name=\"twitter:card\" content=\"summary_large_image\" \/>\n<meta name=\"twitter:label1\" content=\"Dur\u00e9e de lecture estim\u00e9e\" \/>\n\t<meta name=\"twitter:data1\" content=\"3 minutes\" \/>\n<script type=\"application\/ld+json\" class=\"yoast-schema-graph\">{\"@context\":\"https:\/\/schema.org\",\"@graph\":[{\"@type\":\"WebPage\",\"@id\":\"https:\/\/naturoterrehappy.fr\/index.php\/temoignages\/\",\"url\":\"https:\/\/naturoterrehappy.fr\/index.php\/temoignages\/\",\"name\":\"T\u00e9moignages - Naturo Terre Happy\",\"isPartOf\":{\"@id\":\"https:\/\/naturoterrehappy.fr\/#website\"},\"datePublished\":\"2024-02-29T10:28:24+00:00\",\"dateModified\":\"2024-02-29T14:00:03+00:00\",\"breadcrumb\":{\"@id\":\"https:\/\/naturoterrehappy.fr\/index.php\/temoignages\/#breadcrumb\"},\"inLanguage\":\"fr-FR\",\"potentialAction\":[{\"@type\":\"ReadAction\",\"target\":[\"https:\/\/naturoterrehappy.fr\/index.php\/temoignages\/\"]}]},{\"@type\":\"BreadcrumbList\",\"@id\":\"https:\/\/naturoterrehappy.fr\/index.php\/temoignages\/#breadcrumb\",\"itemListElement\":[{\"@type\":\"ListItem\",\"position\":1,\"name\":\"Accueil\",\"item\":\"https:\/\/naturoterrehappy.fr\/\"},{\"@type\":\"ListItem\",\"position\":2,\"name\":\"T\u00e9moignages\"}]},{\"@type\":\"WebSite\",\"@id\":\"https:\/\/naturoterrehappy.fr\/#website\",\"url\":\"https:\/\/naturoterrehappy.fr\/\",\"name\":\"Naturo Terre Happy\",\"description\":\"Les cl\u00e9s de la sant\u00e9:  Respecter sa Nature profonde, Respecter la Nature gu\u00e9risseuse, Respecter le vivant et ces lois\",\"publisher\":{\"@id\":\"https:\/\/naturoterrehappy.fr\/#\/schema\/person\/8bf7540304db646eac9c6271483f14f5\"},\"potentialAction\":[{\"@type\":\"SearchAction\",\"target\":{\"@type\":\"EntryPoint\",\"urlTemplate\":\"https:\/\/naturoterrehappy.fr\/?s={search_term_string}\"},\"query-input\":\"required name=search_term_string\"}],\"inLanguage\":\"fr-FR\"},{\"@type\":[\"Person\",\"Organization\"],\"@id\":\"https:\/\/naturoterrehappy.fr\/#\/schema\/person\/8bf7540304db646eac9c6271483f14f5\",\"name\":\"admin8212\",\"image\":{\"@type\":\"ImageObject\",\"inLanguage\":\"fr-FR\",\"@id\":\"https:\/\/naturoterrehappy.fr\/#\/schema\/person\/image\/\",\"url\":\"https:\/\/secure.gravatar.com\/avatar\/8ea9e5229c1252336ff46e6df56d34ff?s=96&d=mm&r=g\",\"contentUrl\":\"https:\/\/secure.gravatar.com\/avatar\/8ea9e5229c1252336ff46e6df56d34ff?s=96&d=mm&r=g\",\"caption\":\"admin8212\"},\"logo\":{\"@id\":\"https:\/\/naturoterrehappy.fr\/#\/schema\/person\/image\/\"},\"sameAs\":[\"http:\/\/naturoterrehappy.fr\",\"https:\/\/www.facebook.com\/virginie.verel\",\"https:\/\/www.instagram.com\/virginieverel.naturoterrehappy\/\",\"https:\/\/www.linkedin.com\/in\/virginie-verel-a68254211\/\",\"https:\/\/www.pinterest.fr\/Naturoterrehappy\/\",\"https:\/\/www.youtube.com\/channel\/UC322SLWURYVRVehV1hT8ubw\"]}]}<\/script>\n<!-- \/ Yoast SEO plugin. -->","yoast_head_json":{"title":"T\u00e9moignages - Naturo Terre Happy","robots":{"index":"index","follow":"follow","max-snippet":"max-snippet:-1","max-image-preview":"max-image-preview:large","max-video-preview":"max-video-preview:-1"},"canonical":"https:\/\/naturoterrehappy.fr\/index.php\/temoignages\/","og_locale":"fr_FR","og_type":"article","og_title":"T\u00e9moignages - Naturo Terre Happy","og_description":"\ud83d\ude4f Merci de la confiance que vous m&rsquo;avez accorder sur votre chemin CLAIRE H. Je suis tr\u00e8s heureuse d\u2019avoir rencontr\u00e9 Virginie qui s\u2019est montr\u00e9e bienveillante et tr\u00e8s \u00e0 l\u2019\u00e9coute d\u00e8s notre premi\u00e8re rencontre. Elle m\u2019a apport\u00e9 un suivi de qualit\u00e9, toujours en effectuant un travail global et en \u00e9coutant de pr\u00e8s mes besoins.Si vous \u00eates &hellip; Continuer la lecture de &laquo;&nbsp;T\u00e9moignages&nbsp;&raquo;","og_url":"https:\/\/naturoterrehappy.fr\/index.php\/temoignages\/","og_site_name":"Naturo Terre Happy","article_publisher":"https:\/\/www.facebook.com\/virginie.verel","article_modified_time":"2024-02-29T14:00:03+00:00","og_image":[{"width":1024,"height":576,"url":"https:\/\/naturoterrehappy.fr\/wp-content\/uploads\/2024\/02\/NATURO-TERRE-HAPPY-13.1-1024x576.png","type":"image\/png"}],"twitter_card":"summary_large_image","twitter_misc":{"Dur\u00e9e de lecture estim\u00e9e":"3 minutes"},"schema":{"@context":"https:\/\/schema.org","@graph":[{"@type":"WebPage","@id":"https:\/\/naturoterrehappy.fr\/index.php\/temoignages\/","url":"https:\/\/naturoterrehappy.fr\/index.php\/temoignages\/","name":"T\u00e9moignages - Naturo Terre Happy","isPartOf":{"@id":"https:\/\/naturoterrehappy.fr\/#website"},"datePublished":"2024-02-29T10:28:24+00:00","dateModified":"2024-02-29T14:00:03+00:00","breadcrumb":{"@id":"https:\/\/naturoterrehappy.fr\/index.php\/temoignages\/#breadcrumb"},"inLanguage":"fr-FR","potentialAction":[{"@type":"ReadAction","target":["https:\/\/naturoterrehappy.fr\/index.php\/temoignages\/"]}]},{"@type":"BreadcrumbList","@id":"https:\/\/naturoterrehappy.fr\/index.php\/temoignages\/#breadcrumb","itemListElement":[{"@type":"ListItem","position":1,"name":"Accueil","item":"https:\/\/naturoterrehappy.fr\/"},{"@type":"ListItem","position":2,"name":"T\u00e9moignages"}]},{"@type":"WebSite","@id":"https:\/\/naturoterrehappy.fr\/#website","url":"https:\/\/naturoterrehappy.fr\/","name":"Naturo Terre Happy","description":"Les cl\u00e9s de la sant\u00e9:  Respecter sa Nature profonde, Respecter la Nature gu\u00e9risseuse, Respecter le vivant et ces lois","publisher":{"@id":"https:\/\/naturoterrehappy.fr\/#\/schema\/person\/8bf7540304db646eac9c6271483f14f5"},"potentialAction":[{"@type":"SearchAction","target":{"@type":"EntryPoint","urlTemplate":"https:\/\/naturoterrehappy.fr\/?s={search_term_string}"},"query-input":"required name=search_term_string"}],"inLanguage":"fr-FR"},{"@type":["Person","Organization"],"@id":"https:\/\/naturoterrehappy.fr\/#\/schema\/person\/8bf7540304db646eac9c6271483f14f5","name":"admin8212","image":{"@type":"ImageObject","inLanguage":"fr-FR","@id":"https:\/\/naturoterrehappy.fr\/#\/schema\/person\/image\/","url":"https:\/\/secure.gravatar.com\/avatar\/8ea9e5229c1252336ff46e6df56d34ff?s=96&d=mm&r=g","contentUrl":"https:\/\/secure.gravatar.com\/avatar\/8ea9e5229c1252336ff46e6df56d34ff?s=96&d=mm&r=g","caption":"admin8212"},"logo":{"@id":"https:\/\/naturoterrehappy.fr\/#\/schema\/person\/image\/"},"sameAs":["http:\/\/naturoterrehappy.fr","https:\/\/www.facebook.com\/virginie.verel","https:\/\/www.instagram.com\/virginieverel.naturoterrehappy\/","https:\/\/www.linkedin.com\/in\/virginie-verel-a68254211\/","https:\/\/www.pinterest.fr\/Naturoterrehappy\/","https:\/\/www.youtube.com\/channel\/UC322SLWURYVRVehV1hT8ubw"]}]}},"_links":{"self":[{"href":"https:\/\/naturoterrehappy.fr\/index.php\/wp-json\/wp\/v2\/pages\/1381"}],"collection":[{"href":"https:\/\/naturoterrehappy.fr\/index.php\/wp-json\/wp\/v2\/pages"}],"about":[{"href":"https:\/\/naturoterrehappy.fr\/index.php\/wp-json\/wp\/v2\/types\/page"}],"author":[{"embeddable":true,"href":"https:\/\/naturoterrehappy.fr\/index.php\/wp-json\/wp\/v2\/users\/1"}],"replies":[{"embeddable":true,"href":"https:\/\/naturoterrehappy.fr\/index.php\/wp-json\/wp\/v2\/comments?post=1381"}],"version-history":[{"count":2,"href":"https:\/\/naturoterrehappy.fr\/index.php\/wp-json\/wp\/v2\/pages\/1381\/revisions"}],"predecessor-version":[{"id":1415,"href":"https:\/\/naturoterrehappy.fr\/index.php\/wp-json\/wp\/v2\/pages\/1381\/revisions\/1415"}],"wp:featuredmedia":[{"embeddable":true,"href":"https:\/\/naturoterrehappy.fr\/index.php\/wp-json\/wp\/v2\/media\/1394"}],"wp:attachment":[{"href":"https:\/\/naturoterrehappy.fr\/index.php\/wp-json\/wp\/v2\/media?parent=1381"}],"curies":[{"name":"wp","href":"https:\/\/api.w.org\/{rel}","templated":true}]}}