{"id":295,"date":"2021-09-17T16:13:47","date_gmt":"2021-09-17T14:13:47","guid":{"rendered":"https:\/\/naturoterrehappy.fr\/?page_id=295"},"modified":"2026-01-05T15:39:46","modified_gmt":"2026-01-05T14:39:46","slug":"tarifs","status":"publish","type":"page","link":"https:\/\/naturoterrehappy.fr\/index.php\/tarifs\/","title":{"rendered":"TARIFS"},"content":{"rendered":"<div id=\"wp-socials\" style=\"margin-top:20px;margin-bottom:0px;\"><div id=\"wp-socials-general-btn\"><div id=\"wp-socials-plusone\">\r\n                <!-- Place this tag in your head or just before your close body tag. -->\r\n                <script src=\"https:\/\/apis.google.com\/js\/platform.js\" async defer>\r\n                  {lang: 'fr'}\r\n                <\/script>\r\n\r\n                <!-- Place this tag where you want the share button to render. -->\r\n                <div class=\"g-plus\" data-action=\"share\" data-annotation=\"inline\" data-height=\"58\" data-size=\"small\" data-href=\"https:\/\/naturoterrehappy.fr\/index.php\/tarifs\/\"><\/div><\/div><\/div><div style=\"clear:both\"><\/div><\/div>\n<h2 class=\"wp-block-heading\"><strong><mark style=\"background-color:rgba(0, 0, 0, 0)\" class=\"has-inline-color has-pale-pink-color\"> <\/mark><mark style=\"background-color:rgba(0, 0, 0, 0);color:#8d4065\" class=\"has-inline-color\">Nouveau fonctionnement &#8211; Politique de r\u00e9servation et d\u2019annulation des <\/mark><\/strong><mark style=\"background-color:rgba(0, 0, 0, 0);color:#8d4065\" class=\"has-inline-color\"><strong>consultations<\/strong> <\/mark>&#8211; <\/h2>\n\n\n\n<p>Afin d\u2019assurer une organisation fluide et de respecter le temps et l\u2019\u00e9nergie de chacun\u00b7e, les consultations se r\u00e9servent d\u00e9sormais via contact t\u00e9l\u00e9phonique et avec <strong>paiement \u00e0 l\u2019avance<\/strong>.<\/p>\n\n\n\n<h4 class=\"wp-block-heading\">Pourquoi ce fonctionnement ?<\/h4>\n\n\n\n<ul>\n<li>Il permet de <strong>confirmer et s\u00e9curiser votre cr\u00e9neau<\/strong>,<\/li>\n\n\n\n<li>Il garantit une meilleure disponibilit\u00e9 pour toutes les personnes souhaitant consulter,<\/li>\n\n\n\n<li>Il contribue \u00e0 un cadre respectueux et stable pour le bon d\u00e9roulement des accompagnements.<\/li>\n<\/ul>\n\n\n\n<h4 class=\"wp-block-heading\">Annulation et report<\/h4>\n\n\n\n<ul>\n<li>Toute annulation ou demande de report doit \u00eatre effectu\u00e9e <strong>au moins 48 heures \u00e0 l\u2019avance<\/strong>.<\/li>\n\n\n\n<li>Pass\u00e9 ce d\u00e9lai, ou en cas de non-pr\u00e9sentation sans annulation, la consultation est consid\u00e9r\u00e9e comme due et <strong>ne pourra pas \u00eatre rembours\u00e9e<\/strong>.<\/li>\n<\/ul>\n\n\n\n<p>Ce cadre me permet de vous offrir une pr\u00e9sence de qualit\u00e9 et un accompagnement pleinement engag\u00e9.<br>Merci pour votre compr\u00e9hension et votre respect <\/p>\n\n\n\n<h1 class=\"wp-block-heading has-text-align-center\"><strong><mark style=\"background-color:rgba(0, 0, 0, 0);color:#8d4065\" class=\"has-inline-color\">TARIFS CONSULTATIONS NATUROPATHIE<\/mark><\/strong><\/h1>\n\n\n\n<p>valable \u00e0 partir du 1er janvier 2026<\/p>\n\n\n\n<h2 class=\"wp-block-heading\"><strong><mark style=\"background-color:rgba(0, 0, 0, 0);color:#8d4065\" class=\"has-inline-color\">Premi\u00e8re consultation\u00a0en pr\u00e9sentiel  :\u00a080 euros<\/mark><\/strong>*<\/h2>\n\n\n\n<h2 class=\"wp-block-heading\">Incluant :<\/h2>\n\n\n\n<p><strong><mark style=\"background-color:rgba(0, 0, 0, 0);color:#94a35e\" class=\"has-inline-color\">1.Pr\u00e9paration \u00e0 la consultation<\/mark><\/strong><\/p>\n\n\n\n<ul>\n<li><strong>Contact t\u00e9l\u00e9phonique<\/strong>&nbsp;obligatoire avant &amp; prise de rendez-vous<\/li>\n\n\n\n<li>Si besoin, et suivant la probl\u00e9matique, <strong>Envoi du questionnaire de bilan de vitalit\u00e9&nbsp;<\/strong>pour la pr\u00e9paration de la consultation <\/li>\n<\/ul>\n\n\n\n<p><strong><mark style=\"background-color:rgba(0, 0, 0, 0);color:#94a35e\" class=\"has-inline-color\">2.La consultation 1h30<\/mark><\/strong><\/p>\n\n\n\n<ul>\n<li><strong>Bilan hygi\u00e8ne vitale&nbsp;<\/strong>\u00e9tabli suite \u00e0 l\u2019\u00e9tude du questionnaire \u2013&nbsp;<em>l\u2019\u00e9tat des lieux de votre vitalit\u00e9 et hygi\u00e8ne de vie&nbsp;<\/em>;<\/li>\n\n\n\n<li>Des conseils &amp; d\u2019un plan d\u2019action quotidien de techniques naturelles r\u00e9pondant \u00e0 votre besoin&nbsp;;<\/li>\n\n\n\n<li>R\u00e9alisation ensemble de&nbsp;<strong>quelques techniques compl\u00e9mentaires (relaxation, massage, soins \u00e9nerg\u00e9tique&#8230;) &nbsp;<\/strong>si n\u00e9cessaire&nbsp;;<\/li>\n<\/ul>\n\n\n\n<p><strong><mark style=\"background-color:rgba(0, 0, 0, 0);color:#94a35e\" class=\"has-inline-color\">3.accompagnement \u00e0 la mise en place<\/mark><\/strong><\/p>\n\n\n\n<ul>\n<li>Remise de votre&nbsp;<strong>Programme d\u2019hygi\u00e8ne vital<\/strong>&nbsp;par \u00e9crit dans un d\u00e9lais max d&rsquo;une semaine ;<\/li>\n\n\n\n<li><strong>Suivi<\/strong>&nbsp;WhatsApp&nbsp;;<\/li>\n<\/ul>\n\n\n\n<h2 class=\"wp-block-heading\"><strong><mark style=\"background-color:rgba(0, 0, 0, 0);color:#8d4065\" class=\"has-inline-color\">Premi\u00e8re consultation en Visio  : 80 euros<\/mark><\/strong>*<\/h2>\n\n\n\n<ul>\n<li><strong>l\u2019envoi d\u2019un questionnaire<\/strong>&nbsp;d\u00e9taill\u00e9 apr\u00e8s r\u00e8glement via Paypal ou ch\u00e8que ;<\/li>\n\n\n\n<li>d&rsquo;autres \u00e9l\u00e9ments seront peut \u00eatre n\u00e9cessaire comme la photo sur pied en entier pour l\u2019analyse morpho physiologique par exemple &#8211; \u00e0 voir selon la probl\u00e8matique ;<\/li>\n\n\n\n<li><strong>analyse questionnaire&nbsp;<\/strong>et des autres \u00e9l\u00e9ments demand\u00e9s ;<\/li>\n\n\n\n<li>le jour pr\u00e9vu nous effectuons l\u2019entretien via le moyen de communication le plus facile et fiable. En g\u00e9n\u00e9ral j&rsquo;utilise <strong>Google Meet <\/strong>(pas besoin d&rsquo;installer aucune application) un lien de connexion vous est envoy\u00e9 via mail;<\/li>\n\n\n\n<li>apr\u00e8s notre rendez vous, l\u2019envoie&nbsp;du<strong>&nbsp;Bilan d\u2019hygi\u00e8ne vital<\/strong>&nbsp;et du&nbsp;<strong>Programme d\u2019hygi\u00e8ne vital&nbsp;<\/strong>dans un d\u00e9lais d\u2019une semaine ;<\/li>\n\n\n\n<li>le suivi&nbsp; <strong>Suivi<\/strong>&nbsp;via mail ou WhatsApp&nbsp; pendant 1 mois apr\u00e8s la consultation afin d\u2019aider \u00e0 la mise en place des conseils (\u00e0 d\u00e9terminer avec le client la date et le moyen des suivi)<\/li>\n<\/ul>\n\n\n\n<h2 class=\"wp-block-heading\"><strong><mark style=\"background-color:rgba(0, 0, 0, 0);color:#8d4065\" class=\"has-inline-color\">Consultations de suivi  \u00a0:\u00a060 euros<\/mark><\/strong>*<\/h2>\n\n\n\n<h2 class=\"wp-block-heading\">incluant :<\/h2>\n\n\n\n<ul>\n<li>une&nbsp;<strong>visite 45 minutes \u00e0 1h<\/strong>&nbsp;;<\/li>\n\n\n\n<li>un<strong>&nbsp;r\u00e9ajustement<\/strong>, si besoin, suivant l\u2019\u00e9volution et votre degr\u00e9s de participation \u00e0 votre \u00e9volution ;<\/li>\n\n\n\n<li>la r\u00e9alisation de&nbsp;<strong>techniques compl\u00e9mentaires (de relaxation et d\u00e9tente, de soins \u00e9nerg\u00e9tiques, de massages assis&#8230;),&nbsp;<\/strong>si besoin<\/li>\n<\/ul>\n\n\n\n<p>Le nombre de s\u00e9ances d\u00e9pend de vos besoins <\/p>\n\n\n\n<hr class=\"wp-block-separator has-alpha-channel-opacity\"\/>\n\n\n\n<h1 class=\"wp-block-heading has-text-align-center\"> <strong><mark style=\"background-color:rgba(0, 0, 0, 0);color:#94a35e\" class=\"has-inline-color\">TARIFS PRATIQUE REIKI ET SOINS ENERGETIQUES<\/mark><\/strong> <\/h1>\n\n\n\n<h2 class=\"wp-block-heading\"><mark style=\"background-color:rgba(0, 0, 0, 0);color:#94a35e\" class=\"has-inline-color\"> <strong>Soin 1h 15 \u00e0 1h30\u00a0:<\/strong>  <strong>60 euros<\/strong>*<\/mark><\/h2>\n\n\n\n<p>Le nombre de s\u00e9ances d\u00e9pend de vos besoins<\/p>\n\n\n\n<hr class=\"wp-block-separator has-alpha-channel-opacity\"\/>\n\n\n\n<h1 class=\"wp-block-heading has-text-align-center\"><strong><mark style=\"background-color:rgba(0, 0, 0, 0);color:#94a35e\" class=\"has-inline-color\">TARIFS MASSAGES ENERGETIQUES <\/mark><\/strong><\/h1>\n\n\n\n<h1 class=\"wp-block-heading has-text-align-center\"><mark style=\"background-color:rgba(0, 0, 0, 0);color:#94a35e\" class=\"has-inline-color\"><strong>&amp; RELAXANTS ASSIS<\/strong> <\/mark><\/h1>\n\n\n\n<h2 class=\"wp-block-heading\"><mark style=\"background-color:rgba(0, 0, 0, 0);color:#94a35e\" class=\"has-inline-color\"><strong>Soin  30 minutes\u00a0:<\/strong>  <strong>30 euros<\/strong> <\/mark>*<\/h2>\n\n\n\n<h2 class=\"wp-block-heading\"> <\/h2>\n\n\n\n<p>Le nombre de s\u00e9ances d\u00e9pend de vos besoins<\/p>\n\n\n\n<p>pour toute autre demande particuli\u00e8re (pour des groupes, des entreprises&#8230;me contacter)<\/p>\n\n\n\n<hr class=\"wp-block-separator has-alpha-channel-opacity\"\/>\n\n\n\n<h1 class=\"wp-block-heading has-text-align-center\"><strong><mark style=\"background-color:rgba(0, 0, 0, 0);color:#94a35e\" class=\"has-inline-color\">TARIFS CONSULTATIONS FENG SHUI<\/mark><\/strong><\/h1>\n\n\n\n<h2 class=\"wp-block-heading\"><strong><mark style=\"background-color:rgba(0, 0, 0, 0);color:#94a35e\" class=\"has-inline-color\">Projet acquisition\u00a0<\/mark><span style=\"background-color:rgba(0, 0, 0, 0)\" class=\"has-inline-color has-vivid-green-cyan-color\">:<\/span><\/strong><\/h2>\n\n\n\n<p>&nbsp;&nbsp; Jusqu\u2019\u00e0 200m\u00b2 forfait de&nbsp;<strong>2 euros* le m\u00b2<\/strong> pour 4 personnes<br>Au-del\u00e0&nbsp;&nbsp;<strong>1 euros par m\u00b2 suppl\u00e9mentaire\u2217\u2217<\/strong> et <strong>20 euros par personnes suppl\u00e9mentaires<\/strong><\/p>\n\n\n\n<p><strong>Consultation pr\u00e9alable<\/strong>&nbsp;avant l\u2019achat d\u2019un bien non am\u00e9nag\u00e9, afin de d\u00e9terminer la qualit\u00e9&nbsp; \u00e9nerg\u00e9tique des lieux,&nbsp; la circulation de l\u2019\u00e9nergie et la distribution des pi\u00e8ces.<\/p>\n\n\n\n<p><br><a href=\"https:\/\/naturoterrehappy.fr\/index.php\/consultation-en-feng-shui\/ \">le d\u00e9roulement de la prestation <\/a><\/p>\n\n\n\n<h2 class=\"wp-block-heading\"><strong><mark style=\"background-color:rgba(0, 0, 0, 0);color:#94a35e\" class=\"has-inline-color\">Formule expertise de votre lieu d\u2019habitation d\u00e9j\u00e0 occup\u00e9\u00a0:\u00a0<\/mark><\/strong><\/h2>\n\n\n\n<p><mark style=\"background-color:rgba(0, 0, 0, 0)\" class=\"has-inline-color has-black-color\">Jusqu\u2019\u00e0 200m\u00b2 forfait de\u00a0<strong>2,5 euros le m\u00b2<\/strong>*  pour 4 personnes<br>Au-del\u00e0\u00a0\u00a0<strong>1 euros par m\u00b2 suppl\u00e9mentaire\u2217\u2217<\/strong> et <strong>20 euros par personnes suppl\u00e9mentaires<\/strong><\/mark><\/p>\n\n\n\n<p><a href=\"https:\/\/naturoterrehappy.fr\/index.php\/consultation-en-feng-shui\/ \">le d\u00e9roulement de la prestation <\/a><\/p>\n\n\n\n<h2 class=\"wp-block-heading\"><strong><mark style=\"background-color:rgba(0, 0, 0, 0);color:#94a35e\" class=\"has-inline-color\">\u00a0Formule sp\u00e9ciale\u00a0:\u00a0<\/mark><\/strong><\/h2>\n\n\n\n<ul>\n<li><strong>CADEAU DE NAISSANCE<\/strong><\/li>\n<\/ul>\n\n\n\n<p>Pour rendre un environnement profitable et apporter toute l&rsquo;\u00e9nergie positive dont le nouveau n\u00e9 \u00e0 besoin. <\/p>\n\n\n\n<p>Cette \u00e9tude permet de d\u00e9terminer son chiffre Kua , ses bonnes directions dans la maison, le rapport \u00e9nerg\u00e9tique avec cette habitation,  des conseils pour l&rsquo;am\u00e9nagement de sa chambre&#8230;   <\/p>\n\n\n\n<p>150 euros le compte rendu  sous forme de livre de naissance <\/p>\n\n\n\n<ul>\n<li><strong>SPECIAL ENFANT\/ADO\/JEUNE ADULTE EN ETUDE <\/strong><\/li>\n<\/ul>\n\n\n\n<p>(c&rsquo;est entre autre comme \u00e7a que j&rsquo;en suis venu au Feng shui)<\/p>\n\n\n\n<p>A VENIR j&rsquo;y allierai mes connaissances et formations en naturopathie, \u00e9nerg\u00e9tiques, Feng shui et des techniques de relaxation<\/p>\n\n\n\n<h2 class=\"wp-block-heading\"><strong><mark style=\"background-color:rgba(0, 0, 0, 0);color:#94a35e\" class=\"has-inline-color\">Formule jardin<\/mark><\/strong><\/h2>\n\n\n\n<p>Devis sur demande<\/p>\n\n\n\n<hr class=\"wp-block-separator has-alpha-channel-opacity\"\/>\n\n\n\n<p><em>\u2217 <strong>Les tarifs sont susceptibles d\u2019\u00eatre modifi\u00e9s. Cependant ,les tarifs inscrits ici seront ceux pratiqu\u00e9s au moment de la prise de rendez&nbsp;vous ainsi que pour les consultations de suivi, m\u00eame si les tarifs sont amen\u00e9s \u00e0 changer.<\/strong><\/em><\/p>\n\n\n\n<p><em><mark style=\"background-color:rgba(0, 0, 0, 0)\" class=\"has-inline-color has-black-color\"><strong>\u2217\u2217 Pour les prestations en Feng shui sur site&nbsp;Frais kilom\u00e9trique<\/strong> ajouter 10 euros suppl\u00e9mentaires dans un rayon de 50km  :<\/mark><\/em><\/p>\n\n\n\n<hr class=\"wp-block-separator has-alpha-channel-opacity\"\/>\n\n\n\n<p><\/p>\n\n\n\n<p>N\u2019h\u00e9sitez pas \u00e0 me contacter pour toutes questions concernant les tarifs par mail.<\/p>\n\n\n\n<p>Virginie <img loading=\"lazy\" decoding=\"async\" width=\"87\" height=\"80\" class=\"wp-image-1476\" style=\"width: 20px;\" src=\"https:\/\/naturoterrehappy.fr\/wp-content\/uploads\/2025\/12\/emoji-plume.jpg\" alt=\"\"><\/p>\n","protected":false},"excerpt":{"rendered":"<div id=\"wp-socials\" style=\"margin-top:20px;margin-bottom:0px;\"><div id=\"wp-socials-general-btn\"><div id=\"wp-socials-plusone\">\r\n                <!-- Place this tag in your head or just before your close body tag. -->\r\n                <script src=\"https:\/\/apis.google.com\/js\/platform.js\" async defer>\r\n                  {lang: 'fr'}\r\n                <\/script>\r\n\r\n                <!-- Place this tag where you want the share button to render. -->\r\n                <div class=\"g-plus\" data-action=\"share\" data-annotation=\"inline\" data-height=\"58\" data-size=\"small\" data-href=\"https:\/\/naturoterrehappy.fr\/index.php\/tarifs\/\"><\/div><\/div><\/div><div style=\"clear:both\"><\/div><\/div><p>Nouveau fonctionnement &#8211; Politique de r\u00e9servation et d\u2019annulation des consultations &#8211; Afin d\u2019assurer une organisation fluide et de respecter le temps et l\u2019\u00e9nergie de chacun\u00b7e, les consultations se r\u00e9servent d\u00e9sormais via contact t\u00e9l\u00e9phonique et avec paiement \u00e0 l\u2019avance. Pourquoi ce fonctionnement ? Annulation et report Ce cadre me permet de vous offrir une pr\u00e9sence de &hellip; <\/p>\n<p class=\"link-more\"><a href=\"https:\/\/naturoterrehappy.fr\/index.php\/tarifs\/\" class=\"more-link\">Continuer la lecture<span class=\"screen-reader-text\"> de &laquo;&nbsp;TARIFS&nbsp;&raquo;<\/span><\/a><\/p>\n","protected":false},"author":1,"featured_media":0,"parent":0,"menu_order":0,"comment_status":"closed","ping_status":"closed","template":"","meta":{"footnotes":""},"yoast_head":"<!-- This site is optimized with the Yoast SEO plugin v19.13 - https:\/\/yoast.com\/wordpress\/plugins\/seo\/ -->\n<title>TARIFS - Naturo Terre Happy<\/title>\n<meta name=\"robots\" content=\"index, follow, max-snippet:-1, max-image-preview:large, max-video-preview:-1\" \/>\n<link rel=\"canonical\" href=\"https:\/\/naturoterrehappy.fr\/index.php\/tarifs\/\" \/>\n<meta property=\"og:locale\" content=\"fr_FR\" \/>\n<meta property=\"og:type\" content=\"article\" \/>\n<meta property=\"og:title\" content=\"TARIFS - Naturo Terre Happy\" \/>\n<meta property=\"og:description\" content=\"Nouveau fonctionnement &#8211; Politique de r\u00e9servation et d\u2019annulation des consultations &#8211; Afin d\u2019assurer une organisation fluide et de respecter le temps et l\u2019\u00e9nergie de chacun\u00b7e, les consultations se r\u00e9servent d\u00e9sormais via contact t\u00e9l\u00e9phonique et avec paiement \u00e0 l\u2019avance. Pourquoi ce fonctionnement ? Annulation et report Ce cadre me permet de vous offrir une pr\u00e9sence de &hellip; Continuer la lecture de &laquo;&nbsp;TARIFS&nbsp;&raquo;\" \/>\n<meta property=\"og:url\" content=\"https:\/\/naturoterrehappy.fr\/index.php\/tarifs\/\" \/>\n<meta property=\"og:site_name\" content=\"Naturo Terre Happy\" \/>\n<meta property=\"article:publisher\" content=\"https:\/\/www.facebook.com\/virginie.verel\" \/>\n<meta property=\"article:modified_time\" content=\"2026-01-05T14:39:46+00:00\" \/>\n<meta property=\"og:image\" content=\"https:\/\/naturoterrehappy.fr\/wp-content\/uploads\/2025\/12\/emoji-plume.jpg\" \/>\n<meta name=\"twitter:card\" content=\"summary_large_image\" \/>\n<meta name=\"twitter:label1\" content=\"Dur\u00e9e de lecture estim\u00e9e\" \/>\n\t<meta name=\"twitter:data1\" content=\"4 minutes\" \/>\n<script type=\"application\/ld+json\" class=\"yoast-schema-graph\">{\"@context\":\"https:\/\/schema.org\",\"@graph\":[{\"@type\":\"WebPage\",\"@id\":\"https:\/\/naturoterrehappy.fr\/index.php\/tarifs\/\",\"url\":\"https:\/\/naturoterrehappy.fr\/index.php\/tarifs\/\",\"name\":\"TARIFS - Naturo Terre Happy\",\"isPartOf\":{\"@id\":\"https:\/\/naturoterrehappy.fr\/#website\"},\"datePublished\":\"2021-09-17T14:13:47+00:00\",\"dateModified\":\"2026-01-05T14:39:46+00:00\",\"breadcrumb\":{\"@id\":\"https:\/\/naturoterrehappy.fr\/index.php\/tarifs\/#breadcrumb\"},\"inLanguage\":\"fr-FR\",\"potentialAction\":[{\"@type\":\"ReadAction\",\"target\":[\"https:\/\/naturoterrehappy.fr\/index.php\/tarifs\/\"]}]},{\"@type\":\"BreadcrumbList\",\"@id\":\"https:\/\/naturoterrehappy.fr\/index.php\/tarifs\/#breadcrumb\",\"itemListElement\":[{\"@type\":\"ListItem\",\"position\":1,\"name\":\"Accueil\",\"item\":\"https:\/\/naturoterrehappy.fr\/\"},{\"@type\":\"ListItem\",\"position\":2,\"name\":\"TARIFS\"}]},{\"@type\":\"WebSite\",\"@id\":\"https:\/\/naturoterrehappy.fr\/#website\",\"url\":\"https:\/\/naturoterrehappy.fr\/\",\"name\":\"Naturo Terre Happy\",\"description\":\"Les cl\u00e9s de la sant\u00e9:  Respecter sa Nature profonde, Respecter la Nature gu\u00e9risseuse, Respecter le vivant et ces lois\",\"publisher\":{\"@id\":\"https:\/\/naturoterrehappy.fr\/#\/schema\/person\/8bf7540304db646eac9c6271483f14f5\"},\"potentialAction\":[{\"@type\":\"SearchAction\",\"target\":{\"@type\":\"EntryPoint\",\"urlTemplate\":\"https:\/\/naturoterrehappy.fr\/?s={search_term_string}\"},\"query-input\":\"required name=search_term_string\"}],\"inLanguage\":\"fr-FR\"},{\"@type\":[\"Person\",\"Organization\"],\"@id\":\"https:\/\/naturoterrehappy.fr\/#\/schema\/person\/8bf7540304db646eac9c6271483f14f5\",\"name\":\"admin8212\",\"image\":{\"@type\":\"ImageObject\",\"inLanguage\":\"fr-FR\",\"@id\":\"https:\/\/naturoterrehappy.fr\/#\/schema\/person\/image\/\",\"url\":\"https:\/\/secure.gravatar.com\/avatar\/8ea9e5229c1252336ff46e6df56d34ff?s=96&d=mm&r=g\",\"contentUrl\":\"https:\/\/secure.gravatar.com\/avatar\/8ea9e5229c1252336ff46e6df56d34ff?s=96&d=mm&r=g\",\"caption\":\"admin8212\"},\"logo\":{\"@id\":\"https:\/\/naturoterrehappy.fr\/#\/schema\/person\/image\/\"},\"sameAs\":[\"http:\/\/naturoterrehappy.fr\",\"https:\/\/www.facebook.com\/virginie.verel\",\"https:\/\/www.instagram.com\/virginieverel.naturoterrehappy\/\",\"https:\/\/www.linkedin.com\/in\/virginie-verel-a68254211\/\",\"https:\/\/www.pinterest.fr\/Naturoterrehappy\/\",\"https:\/\/www.youtube.com\/channel\/UC322SLWURYVRVehV1hT8ubw\"]}]}<\/script>\n<!-- \/ Yoast SEO plugin. -->","yoast_head_json":{"title":"TARIFS - Naturo Terre Happy","robots":{"index":"index","follow":"follow","max-snippet":"max-snippet:-1","max-image-preview":"max-image-preview:large","max-video-preview":"max-video-preview:-1"},"canonical":"https:\/\/naturoterrehappy.fr\/index.php\/tarifs\/","og_locale":"fr_FR","og_type":"article","og_title":"TARIFS - Naturo Terre Happy","og_description":"Nouveau fonctionnement &#8211; Politique de r\u00e9servation et d\u2019annulation des consultations &#8211; Afin d\u2019assurer une organisation fluide et de respecter le temps et l\u2019\u00e9nergie de chacun\u00b7e, les consultations se r\u00e9servent d\u00e9sormais via contact t\u00e9l\u00e9phonique et avec paiement \u00e0 l\u2019avance. Pourquoi ce fonctionnement ? Annulation et report Ce cadre me permet de vous offrir une pr\u00e9sence de &hellip; Continuer la lecture de &laquo;&nbsp;TARIFS&nbsp;&raquo;","og_url":"https:\/\/naturoterrehappy.fr\/index.php\/tarifs\/","og_site_name":"Naturo Terre Happy","article_publisher":"https:\/\/www.facebook.com\/virginie.verel","article_modified_time":"2026-01-05T14:39:46+00:00","og_image":[{"url":"https:\/\/naturoterrehappy.fr\/wp-content\/uploads\/2025\/12\/emoji-plume.jpg"}],"twitter_card":"summary_large_image","twitter_misc":{"Dur\u00e9e de lecture estim\u00e9e":"4 minutes"},"schema":{"@context":"https:\/\/schema.org","@graph":[{"@type":"WebPage","@id":"https:\/\/naturoterrehappy.fr\/index.php\/tarifs\/","url":"https:\/\/naturoterrehappy.fr\/index.php\/tarifs\/","name":"TARIFS - Naturo Terre Happy","isPartOf":{"@id":"https:\/\/naturoterrehappy.fr\/#website"},"datePublished":"2021-09-17T14:13:47+00:00","dateModified":"2026-01-05T14:39:46+00:00","breadcrumb":{"@id":"https:\/\/naturoterrehappy.fr\/index.php\/tarifs\/#breadcrumb"},"inLanguage":"fr-FR","potentialAction":[{"@type":"ReadAction","target":["https:\/\/naturoterrehappy.fr\/index.php\/tarifs\/"]}]},{"@type":"BreadcrumbList","@id":"https:\/\/naturoterrehappy.fr\/index.php\/tarifs\/#breadcrumb","itemListElement":[{"@type":"ListItem","position":1,"name":"Accueil","item":"https:\/\/naturoterrehappy.fr\/"},{"@type":"ListItem","position":2,"name":"TARIFS"}]},{"@type":"WebSite","@id":"https:\/\/naturoterrehappy.fr\/#website","url":"https:\/\/naturoterrehappy.fr\/","name":"Naturo Terre Happy","description":"Les cl\u00e9s de la sant\u00e9:  Respecter sa Nature profonde, Respecter la Nature gu\u00e9risseuse, Respecter le vivant et ces lois","publisher":{"@id":"https:\/\/naturoterrehappy.fr\/#\/schema\/person\/8bf7540304db646eac9c6271483f14f5"},"potentialAction":[{"@type":"SearchAction","target":{"@type":"EntryPoint","urlTemplate":"https:\/\/naturoterrehappy.fr\/?s={search_term_string}"},"query-input":"required name=search_term_string"}],"inLanguage":"fr-FR"},{"@type":["Person","Organization"],"@id":"https:\/\/naturoterrehappy.fr\/#\/schema\/person\/8bf7540304db646eac9c6271483f14f5","name":"admin8212","image":{"@type":"ImageObject","inLanguage":"fr-FR","@id":"https:\/\/naturoterrehappy.fr\/#\/schema\/person\/image\/","url":"https:\/\/secure.gravatar.com\/avatar\/8ea9e5229c1252336ff46e6df56d34ff?s=96&d=mm&r=g","contentUrl":"https:\/\/secure.gravatar.com\/avatar\/8ea9e5229c1252336ff46e6df56d34ff?s=96&d=mm&r=g","caption":"admin8212"},"logo":{"@id":"https:\/\/naturoterrehappy.fr\/#\/schema\/person\/image\/"},"sameAs":["http:\/\/naturoterrehappy.fr","https:\/\/www.facebook.com\/virginie.verel","https:\/\/www.instagram.com\/virginieverel.naturoterrehappy\/","https:\/\/www.linkedin.com\/in\/virginie-verel-a68254211\/","https:\/\/www.pinterest.fr\/Naturoterrehappy\/","https:\/\/www.youtube.com\/channel\/UC322SLWURYVRVehV1hT8ubw"]}]}},"_links":{"self":[{"href":"https:\/\/naturoterrehappy.fr\/index.php\/wp-json\/wp\/v2\/pages\/295"}],"collection":[{"href":"https:\/\/naturoterrehappy.fr\/index.php\/wp-json\/wp\/v2\/pages"}],"about":[{"href":"https:\/\/naturoterrehappy.fr\/index.php\/wp-json\/wp\/v2\/types\/page"}],"author":[{"embeddable":true,"href":"https:\/\/naturoterrehappy.fr\/index.php\/wp-json\/wp\/v2\/users\/1"}],"replies":[{"embeddable":true,"href":"https:\/\/naturoterrehappy.fr\/index.php\/wp-json\/wp\/v2\/comments?post=295"}],"version-history":[{"count":35,"href":"https:\/\/naturoterrehappy.fr\/index.php\/wp-json\/wp\/v2\/pages\/295\/revisions"}],"predecessor-version":[{"id":1605,"href":"https:\/\/naturoterrehappy.fr\/index.php\/wp-json\/wp\/v2\/pages\/295\/revisions\/1605"}],"wp:attachment":[{"href":"https:\/\/naturoterrehappy.fr\/index.php\/wp-json\/wp\/v2\/media?parent=295"}],"curies":[{"name":"wp","href":"https:\/\/api.w.org\/{rel}","templated":true}]}}