{"id":383,"date":"2021-09-29T14:38:13","date_gmt":"2021-09-29T12:38:13","guid":{"rendered":"https:\/\/naturoterrehappy.fr\/?page_id=383"},"modified":"2024-01-27T18:16:45","modified_gmt":"2024-01-27T17:16:45","slug":"soins-reiki","status":"publish","type":"page","link":"https:\/\/naturoterrehappy.fr\/index.php\/soins-reiki\/","title":{"rendered":"Soins Reiki"},"content":{"rendered":"<div id=\"wp-socials\" style=\"margin-top:20px;margin-bottom:0px;\"><div id=\"wp-socials-general-btn\"><div id=\"wp-socials-plusone\">\r\n                <!-- Place this tag in your head or just before your close body tag. -->\r\n                <script src=\"https:\/\/apis.google.com\/js\/platform.js\" async defer>\r\n                  {lang: 'fr'}\r\n                <\/script>\r\n\r\n                <!-- Place this tag where you want the share button to render. -->\r\n                <div class=\"g-plus\" data-action=\"share\" data-annotation=\"inline\" data-height=\"58\" data-size=\"small\" data-href=\"https:\/\/naturoterrehappy.fr\/index.php\/soins-reiki\/\"><\/div><\/div><\/div><div style=\"clear:both\"><\/div><\/div>\n<div class=\"wp-block-group alignwide is-layout-constrained wp-block-group-is-layout-constrained\"><div class=\"wp-block-group__inner-container\">\n<div class=\"wp-block-media-text alignwide has-media-on-the-right is-stacked-on-mobile is-style-rounded\" style=\"grid-template-columns:auto 40%\"><div class=\"wp-block-media-text__content\">\n<p><mark style=\"background-color:rgba(0, 0, 0, 0)\" class=\"has-inline-color has-vivid-green-cyan-color\"><strong>SOINS ENERGETIQUES <\/strong> <\/mark><\/p>\n\n\n\n<p>Pour lib\u00e9rer et d\u00e9bloquer le potentiel de l&rsquo;Energie vitale<\/p>\n\n\n\n<p>Le soin Reiki  est un<strong>&nbsp;art de soigner qui a pour objectif principal d\u2019atteindre un haut niveau d\u2019harmonie et tranquillit\u00e9 int\u00e9rieure<\/strong>. Le praticien Reiki \ud835\ude58\ud835\ude56\ud835\ude63\ud835\ude56\ud835\ude61\ud835\ude5e\ud835\ude68\ud835\ude5a \ud835\ude5a\ud835\ude69 \ud835\ude69\ud835\ude67\ud835\ude56\ud835\ude63\ud835\ude68\ud835\ude62\ud835\ude5a\ud835\ude69 \ud835\ude61\ud835\ude5a\ud835\ude68 \ud835\ude40\ud835\ude63\ud835\ude5a\ud835\ude67\ud835\ude5c\ud835\ude5e\ud835\ude5a\ud835\ude68 \ud835\ude50\ud835\ude63\ud835\ude5e\ud835\ude6b\ud835\ude5a\ud835\ude67\ud835\ude68\ud835\ude5a\ud835\ude61\ud835\ude61\ud835\ude5a\ud835\ude68 \ud835\ude65\ud835\ude64\ud835\ude6a\ud835\ude67 \ud835\ude68\ud835\ude5a \ud835\ude67\ud835\ude5a\ud835\ude61\ud835\ude5e\ud835\ude5a\ud835\ude67 \u00e0 \ud835\ude61\ud835\ude56 \ud835\ude68\ud835\ude64\ud835\ude6a\ud835\ude67\ud835\ude58\ud835\ude5a \ud835\ude59\ud835\ude5a \ud835\ude5c\ud835\ude6a\u00e9\ud835\ude67\ud835\ude5e\ud835\ude68\ud835\ude64\ud835\ude63 \ud835\ude66\ud835\ude6a\ud835\ude5a \ud835\ude58\ud835\ude5d\ud835\ude56\ud835\ude58\ud835\ude6a\ud835\ude63 \ud835\ude65\ud835\ude64\ud835\ude67\ud835\ude69\ud835\ude5a \ud835\ude5a\ud835\ude63 \ud835\ude61\ud835\ude6a\ud835\ude5e. La pratique active les processus naturels de gu\u00e9rison.<\/p>\n<\/div><figure class=\"wp-block-media-text__media\"><img loading=\"lazy\" decoding=\"async\" width=\"700\" height=\"700\" src=\"https:\/\/naturoterrehappy.fr\/wp-content\/uploads\/2021\/09\/reiki.jpg\" alt=\"\" class=\"wp-image-342 size-full\" srcset=\"https:\/\/naturoterrehappy.fr\/wp-content\/uploads\/2021\/09\/reiki.jpg 700w, https:\/\/naturoterrehappy.fr\/wp-content\/uploads\/2021\/09\/reiki-300x300.jpg 300w, https:\/\/naturoterrehappy.fr\/wp-content\/uploads\/2021\/09\/reiki-150x150.jpg 150w, https:\/\/naturoterrehappy.fr\/wp-content\/uploads\/2021\/09\/reiki-100x100.jpg 100w\" sizes=\"(max-width: 700px) 100vw, 700px\" \/><\/figure><\/div>\n<\/div><\/div>\n\n\n\n<p><a href=\"https:\/\/naturoterrehappy.fr\/index.php\/reiki\/\/\">le Reiki, en savoir plus<\/a><\/p>\n\n\n\n<p><a href=\"https:\/\/naturoterrehappy.fr\/index.php\/tarifs\/\">les tarifs, en savoir plus<\/a><\/p>\n\n\n<div class=\"wp-block-image is-style-rounded\">\n<figure class=\"aligncenter size-full is-resized\"><img loading=\"lazy\" decoding=\"async\" width=\"700\" height=\"700\" src=\"https:\/\/naturoterrehappy.fr\/wp-content\/uploads\/2021\/09\/reiki.jpg\" alt=\"\" class=\"wp-image-342\" style=\"width:452px;height:452px\" srcset=\"https:\/\/naturoterrehappy.fr\/wp-content\/uploads\/2021\/09\/reiki.jpg 700w, https:\/\/naturoterrehappy.fr\/wp-content\/uploads\/2021\/09\/reiki-300x300.jpg 300w, https:\/\/naturoterrehappy.fr\/wp-content\/uploads\/2021\/09\/reiki-150x150.jpg 150w, https:\/\/naturoterrehappy.fr\/wp-content\/uploads\/2021\/09\/reiki-100x100.jpg 100w\" sizes=\"(max-width: 700px) 100vw, 700px\" \/><\/figure><\/div>\n\n\n<p>Les soins Reiki <strong>se font habill\u00e9<\/strong> et allong\u00e9 sur une table. <\/p>\n\n\n\n<p>Le praticien Reiki \ud835\ude58\ud835\ude56\ud835\ude63\ud835\ude56\ud835\ude61\ud835\ude5e\ud835\ude68\ud835\ude5a \ud835\ude5a\ud835\ude69 \ud835\ude69\ud835\ude67\ud835\ude56\ud835\ude63\ud835\ude68\ud835\ude62\ud835\ude5a\ud835\ude69 \ud835\ude61\ud835\ude5a\ud835\ude68 \ud835\ude40\ud835\ude63\ud835\ude5a\ud835\ude67\ud835\ude5c\ud835\ude5e\ud835\ude5a\ud835\ude68 \ud835\ude50\ud835\ude63\ud835\ude5e\ud835\ude6b\ud835\ude5a\ud835\ude67\ud835\ude68\ud835\ude5a\ud835\ude61\ud835\ude61\ud835\ude5a\ud835\ude68 \ud835\ude65\ud835\ude64\ud835\ude6a\ud835\ude67 \ud835\ude68\ud835\ude5a \ud835\ude67\ud835\ude5a\ud835\ude61\ud835\ude5e\ud835\ude5a\ud835\ude67 \u00e0 \ud835\ude61\ud835\ude56 \ud835\ude68\ud835\ude64\ud835\ude6a\ud835\ude67\ud835\ude58\ud835\ude5a \ud835\ude59\ud835\ude5a \ud835\ude5c\ud835\ude6a\u00e9\ud835\ude67\ud835\ude5e\ud835\ude68\ud835\ude64\ud835\ude63 \ud835\ude66\ud835\ude6a\ud835\ude5a \ud835\ude58\ud835\ude5d\ud835\ude56\ud835\ude58\ud835\ude6a\ud835\ude63 \ud835\ude65\ud835\ude64\ud835\ude67\ud835\ude69\ud835\ude5a \ud835\ude5a\ud835\ude63 \ud835\ude61\ud835\ude6a\ud835\ude5e. La pratique active les processus naturels de gu\u00e9rison.<\/p>\n\n\n\n<p><\/p>\n\n\n\n<p>Les soins Reiki se font <strong>au travers de mes mains<\/strong>.<\/p>\n\n\n\n<p>Mes mains sont les canaux par lesquelles passent les \u00e9nergies qui se diffusent \u00e0 tout votre corps. Cette \u00e9nergie circulante va permettre de r\u00e9\u00e9quilibrer votre corps physique, \u00e9motionnel, mental et \u00e9nerg\u00e9tique. Elle va soulever les blocages dans les diff\u00e9rents corps qui vous composent. <\/p>\n\n\n\n<p>Accompagn\u00e9 d&rsquo;une musique douce, je prend soin de vous pendant 1h \u00e0 1h15. Je me concentre sur votre bien \u00eatre. J&rsquo;y met tout mon amour toute mon \u00e9nergie pour vous. <\/p>\n\n\n\n<p>Pendant ce temps, je parcours  vos canaux \u00e9nerg\u00e9tiques de mes mains et je m&rsquo;y attarde. <\/p>\n\n\n\n<p>Pour vous c&rsquo;est un moment de d\u00e9tente total et vous \u00eates libre de me dire vos ressentis, ce qui vous avez sur le c\u0153ur, ou pas.  En revanche le soin pour ma par se fait en silence, en concentration.  De mon c\u00f4t\u00e9 sachez que je vous \u00e9coute, je suis \u00e0 l&rsquo;\u00e9coute de vos besoins &amp; de vos ressentis et je repond\u00e9rais \u00e0 vos attentes et vos questionnement en fin de s\u00e9ances.<\/p>\n\n\n\n<p>Le soin Reiki est un<strong> art de soigner qui a pour objectif principal d\u2019atteindre un haut niveau d\u2019harmonie et tranquillit\u00e9 int\u00e9rieure<\/strong>. <\/p>\n\n\n\n<p>Virginie Praticienne en Reiki<\/p>\n","protected":false},"excerpt":{"rendered":"<div id=\"wp-socials\" style=\"margin-top:20px;margin-bottom:0px;\"><div id=\"wp-socials-general-btn\"><div id=\"wp-socials-plusone\">\r\n                <!-- Place this tag in your head or just before your close body tag. -->\r\n                <script src=\"https:\/\/apis.google.com\/js\/platform.js\" async defer>\r\n                  {lang: 'fr'}\r\n                <\/script>\r\n\r\n                <!-- Place this tag where you want the share button to render. -->\r\n                <div class=\"g-plus\" data-action=\"share\" data-annotation=\"inline\" data-height=\"58\" data-size=\"small\" data-href=\"https:\/\/naturoterrehappy.fr\/index.php\/soins-reiki\/\"><\/div><\/div><\/div><div style=\"clear:both\"><\/div><\/div><p>SOINS ENERGETIQUES Pour lib\u00e9rer et d\u00e9bloquer le potentiel de l&rsquo;Energie vitale Le soin Reiki est un&nbsp;art de soigner qui a pour objectif principal d\u2019atteindre un haut niveau d\u2019harmonie et tranquillit\u00e9 int\u00e9rieure. Le praticien Reiki \ud835\ude58\ud835\ude56\ud835\ude63\ud835\ude56\ud835\ude61\ud835\ude5e\ud835\ude68\ud835\ude5a \ud835\ude5a\ud835\ude69 \ud835\ude69\ud835\ude67\ud835\ude56\ud835\ude63\ud835\ude68\ud835\ude62\ud835\ude5a\ud835\ude69 \ud835\ude61\ud835\ude5a\ud835\ude68 \ud835\ude40\ud835\ude63\ud835\ude5a\ud835\ude67\ud835\ude5c\ud835\ude5e\ud835\ude5a\ud835\ude68 \ud835\ude50\ud835\ude63\ud835\ude5e\ud835\ude6b\ud835\ude5a\ud835\ude67\ud835\ude68\ud835\ude5a\ud835\ude61\ud835\ude61\ud835\ude5a\ud835\ude68 \ud835\ude65\ud835\ude64\ud835\ude6a\ud835\ude67 \ud835\ude68\ud835\ude5a \ud835\ude67\ud835\ude5a\ud835\ude61\ud835\ude5e\ud835\ude5a\ud835\ude67 \u00e0 \ud835\ude61\ud835\ude56 \ud835\ude68\ud835\ude64\ud835\ude6a\ud835\ude67\ud835\ude58\ud835\ude5a \ud835\ude59\ud835\ude5a \ud835\ude5c\ud835\ude6a\u00e9\ud835\ude67\ud835\ude5e\ud835\ude68\ud835\ude64\ud835\ude63 \ud835\ude66\ud835\ude6a\ud835\ude5a \ud835\ude58\ud835\ude5d\ud835\ude56\ud835\ude58\ud835\ude6a\ud835\ude63 \ud835\ude65\ud835\ude64\ud835\ude67\ud835\ude69\ud835\ude5a \ud835\ude5a\ud835\ude63 \ud835\ude61\ud835\ude6a\ud835\ude5e. La pratique &hellip; <\/p>\n<p class=\"link-more\"><a href=\"https:\/\/naturoterrehappy.fr\/index.php\/soins-reiki\/\" class=\"more-link\">Continuer la lecture<span class=\"screen-reader-text\"> de &laquo;&nbsp;Soins Reiki&nbsp;&raquo;<\/span><\/a><\/p>\n","protected":false},"author":1,"featured_media":0,"parent":0,"menu_order":0,"comment_status":"closed","ping_status":"closed","template":"","meta":{"footnotes":""},"yoast_head":"<!-- This site is optimized with the Yoast SEO plugin v19.13 - https:\/\/yoast.com\/wordpress\/plugins\/seo\/ -->\n<title>Soins Reiki - Naturo Terre Happy<\/title>\n<meta name=\"robots\" content=\"index, follow, max-snippet:-1, max-image-preview:large, max-video-preview:-1\" \/>\n<link rel=\"canonical\" href=\"https:\/\/naturoterrehappy.fr\/index.php\/soins-reiki\/\" \/>\n<meta property=\"og:locale\" content=\"fr_FR\" \/>\n<meta property=\"og:type\" content=\"article\" \/>\n<meta property=\"og:title\" content=\"Soins Reiki - Naturo Terre Happy\" \/>\n<meta property=\"og:description\" content=\"SOINS ENERGETIQUES Pour lib\u00e9rer et d\u00e9bloquer le potentiel de l&rsquo;Energie vitale Le soin Reiki est un&nbsp;art de soigner qui a pour objectif principal d\u2019atteindre un haut niveau d\u2019harmonie et tranquillit\u00e9 int\u00e9rieure. Le praticien Reiki \ud835\ude58\ud835\ude56\ud835\ude63\ud835\ude56\ud835\ude61\ud835\ude5e\ud835\ude68\ud835\ude5a \ud835\ude5a\ud835\ude69 \ud835\ude69\ud835\ude67\ud835\ude56\ud835\ude63\ud835\ude68\ud835\ude62\ud835\ude5a\ud835\ude69 \ud835\ude61\ud835\ude5a\ud835\ude68 \ud835\ude40\ud835\ude63\ud835\ude5a\ud835\ude67\ud835\ude5c\ud835\ude5e\ud835\ude5a\ud835\ude68 \ud835\ude50\ud835\ude63\ud835\ude5e\ud835\ude6b\ud835\ude5a\ud835\ude67\ud835\ude68\ud835\ude5a\ud835\ude61\ud835\ude61\ud835\ude5a\ud835\ude68 \ud835\ude65\ud835\ude64\ud835\ude6a\ud835\ude67 \ud835\ude68\ud835\ude5a \ud835\ude67\ud835\ude5a\ud835\ude61\ud835\ude5e\ud835\ude5a\ud835\ude67 \u00e0 \ud835\ude61\ud835\ude56 \ud835\ude68\ud835\ude64\ud835\ude6a\ud835\ude67\ud835\ude58\ud835\ude5a \ud835\ude59\ud835\ude5a \ud835\ude5c\ud835\ude6a\u00e9\ud835\ude67\ud835\ude5e\ud835\ude68\ud835\ude64\ud835\ude63 \ud835\ude66\ud835\ude6a\ud835\ude5a \ud835\ude58\ud835\ude5d\ud835\ude56\ud835\ude58\ud835\ude6a\ud835\ude63 \ud835\ude65\ud835\ude64\ud835\ude67\ud835\ude69\ud835\ude5a \ud835\ude5a\ud835\ude63 \ud835\ude61\ud835\ude6a\ud835\ude5e. La pratique &hellip; Continuer la lecture de &laquo;&nbsp;Soins Reiki&nbsp;&raquo;\" \/>\n<meta property=\"og:url\" content=\"https:\/\/naturoterrehappy.fr\/index.php\/soins-reiki\/\" \/>\n<meta property=\"og:site_name\" content=\"Naturo Terre Happy\" \/>\n<meta property=\"article:publisher\" content=\"https:\/\/www.facebook.com\/virginie.verel\" \/>\n<meta property=\"article:modified_time\" content=\"2024-01-27T17:16:45+00:00\" \/>\n<meta property=\"og:image\" content=\"https:\/\/naturoterrehappy.fr\/wp-content\/uploads\/2021\/09\/reiki.jpg\" \/>\n<meta name=\"twitter:card\" content=\"summary_large_image\" \/>\n<meta name=\"twitter:label1\" content=\"Dur\u00e9e de lecture estim\u00e9e\" \/>\n\t<meta name=\"twitter:data1\" content=\"1 minute\" \/>\n<script type=\"application\/ld+json\" class=\"yoast-schema-graph\">{\"@context\":\"https:\/\/schema.org\",\"@graph\":[{\"@type\":\"WebPage\",\"@id\":\"https:\/\/naturoterrehappy.fr\/index.php\/soins-reiki\/\",\"url\":\"https:\/\/naturoterrehappy.fr\/index.php\/soins-reiki\/\",\"name\":\"Soins Reiki - Naturo Terre Happy\",\"isPartOf\":{\"@id\":\"https:\/\/naturoterrehappy.fr\/#website\"},\"datePublished\":\"2021-09-29T12:38:13+00:00\",\"dateModified\":\"2024-01-27T17:16:45+00:00\",\"breadcrumb\":{\"@id\":\"https:\/\/naturoterrehappy.fr\/index.php\/soins-reiki\/#breadcrumb\"},\"inLanguage\":\"fr-FR\",\"potentialAction\":[{\"@type\":\"ReadAction\",\"target\":[\"https:\/\/naturoterrehappy.fr\/index.php\/soins-reiki\/\"]}]},{\"@type\":\"BreadcrumbList\",\"@id\":\"https:\/\/naturoterrehappy.fr\/index.php\/soins-reiki\/#breadcrumb\",\"itemListElement\":[{\"@type\":\"ListItem\",\"position\":1,\"name\":\"Accueil\",\"item\":\"https:\/\/naturoterrehappy.fr\/\"},{\"@type\":\"ListItem\",\"position\":2,\"name\":\"Soins Reiki\"}]},{\"@type\":\"WebSite\",\"@id\":\"https:\/\/naturoterrehappy.fr\/#website\",\"url\":\"https:\/\/naturoterrehappy.fr\/\",\"name\":\"Naturo Terre Happy\",\"description\":\"Les cl\u00e9s de la sant\u00e9:  Respecter sa Nature profonde, Respecter la Nature gu\u00e9risseuse, Respecter le vivant et ces lois\",\"publisher\":{\"@id\":\"https:\/\/naturoterrehappy.fr\/#\/schema\/person\/8bf7540304db646eac9c6271483f14f5\"},\"potentialAction\":[{\"@type\":\"SearchAction\",\"target\":{\"@type\":\"EntryPoint\",\"urlTemplate\":\"https:\/\/naturoterrehappy.fr\/?s={search_term_string}\"},\"query-input\":\"required name=search_term_string\"}],\"inLanguage\":\"fr-FR\"},{\"@type\":[\"Person\",\"Organization\"],\"@id\":\"https:\/\/naturoterrehappy.fr\/#\/schema\/person\/8bf7540304db646eac9c6271483f14f5\",\"name\":\"admin8212\",\"image\":{\"@type\":\"ImageObject\",\"inLanguage\":\"fr-FR\",\"@id\":\"https:\/\/naturoterrehappy.fr\/#\/schema\/person\/image\/\",\"url\":\"https:\/\/secure.gravatar.com\/avatar\/8ea9e5229c1252336ff46e6df56d34ff?s=96&d=mm&r=g\",\"contentUrl\":\"https:\/\/secure.gravatar.com\/avatar\/8ea9e5229c1252336ff46e6df56d34ff?s=96&d=mm&r=g\",\"caption\":\"admin8212\"},\"logo\":{\"@id\":\"https:\/\/naturoterrehappy.fr\/#\/schema\/person\/image\/\"},\"sameAs\":[\"http:\/\/naturoterrehappy.fr\",\"https:\/\/www.facebook.com\/virginie.verel\",\"https:\/\/www.instagram.com\/virginieverel.naturoterrehappy\/\",\"https:\/\/www.linkedin.com\/in\/virginie-verel-a68254211\/\",\"https:\/\/www.pinterest.fr\/Naturoterrehappy\/\",\"https:\/\/www.youtube.com\/channel\/UC322SLWURYVRVehV1hT8ubw\"]}]}<\/script>\n<!-- \/ Yoast SEO plugin. -->","yoast_head_json":{"title":"Soins Reiki - Naturo Terre Happy","robots":{"index":"index","follow":"follow","max-snippet":"max-snippet:-1","max-image-preview":"max-image-preview:large","max-video-preview":"max-video-preview:-1"},"canonical":"https:\/\/naturoterrehappy.fr\/index.php\/soins-reiki\/","og_locale":"fr_FR","og_type":"article","og_title":"Soins Reiki - Naturo Terre Happy","og_description":"SOINS ENERGETIQUES Pour lib\u00e9rer et d\u00e9bloquer le potentiel de l&rsquo;Energie vitale Le soin Reiki est un&nbsp;art de soigner qui a pour objectif principal d\u2019atteindre un haut niveau d\u2019harmonie et tranquillit\u00e9 int\u00e9rieure. Le praticien Reiki \ud835\ude58\ud835\ude56\ud835\ude63\ud835\ude56\ud835\ude61\ud835\ude5e\ud835\ude68\ud835\ude5a \ud835\ude5a\ud835\ude69 \ud835\ude69\ud835\ude67\ud835\ude56\ud835\ude63\ud835\ude68\ud835\ude62\ud835\ude5a\ud835\ude69 \ud835\ude61\ud835\ude5a\ud835\ude68 \ud835\ude40\ud835\ude63\ud835\ude5a\ud835\ude67\ud835\ude5c\ud835\ude5e\ud835\ude5a\ud835\ude68 \ud835\ude50\ud835\ude63\ud835\ude5e\ud835\ude6b\ud835\ude5a\ud835\ude67\ud835\ude68\ud835\ude5a\ud835\ude61\ud835\ude61\ud835\ude5a\ud835\ude68 \ud835\ude65\ud835\ude64\ud835\ude6a\ud835\ude67 \ud835\ude68\ud835\ude5a \ud835\ude67\ud835\ude5a\ud835\ude61\ud835\ude5e\ud835\ude5a\ud835\ude67 \u00e0 \ud835\ude61\ud835\ude56 \ud835\ude68\ud835\ude64\ud835\ude6a\ud835\ude67\ud835\ude58\ud835\ude5a \ud835\ude59\ud835\ude5a \ud835\ude5c\ud835\ude6a\u00e9\ud835\ude67\ud835\ude5e\ud835\ude68\ud835\ude64\ud835\ude63 \ud835\ude66\ud835\ude6a\ud835\ude5a \ud835\ude58\ud835\ude5d\ud835\ude56\ud835\ude58\ud835\ude6a\ud835\ude63 \ud835\ude65\ud835\ude64\ud835\ude67\ud835\ude69\ud835\ude5a \ud835\ude5a\ud835\ude63 \ud835\ude61\ud835\ude6a\ud835\ude5e. La pratique &hellip; Continuer la lecture de &laquo;&nbsp;Soins Reiki&nbsp;&raquo;","og_url":"https:\/\/naturoterrehappy.fr\/index.php\/soins-reiki\/","og_site_name":"Naturo Terre Happy","article_publisher":"https:\/\/www.facebook.com\/virginie.verel","article_modified_time":"2024-01-27T17:16:45+00:00","og_image":[{"url":"https:\/\/naturoterrehappy.fr\/wp-content\/uploads\/2021\/09\/reiki.jpg"}],"twitter_card":"summary_large_image","twitter_misc":{"Dur\u00e9e de lecture estim\u00e9e":"1 minute"},"schema":{"@context":"https:\/\/schema.org","@graph":[{"@type":"WebPage","@id":"https:\/\/naturoterrehappy.fr\/index.php\/soins-reiki\/","url":"https:\/\/naturoterrehappy.fr\/index.php\/soins-reiki\/","name":"Soins Reiki - Naturo Terre Happy","isPartOf":{"@id":"https:\/\/naturoterrehappy.fr\/#website"},"datePublished":"2021-09-29T12:38:13+00:00","dateModified":"2024-01-27T17:16:45+00:00","breadcrumb":{"@id":"https:\/\/naturoterrehappy.fr\/index.php\/soins-reiki\/#breadcrumb"},"inLanguage":"fr-FR","potentialAction":[{"@type":"ReadAction","target":["https:\/\/naturoterrehappy.fr\/index.php\/soins-reiki\/"]}]},{"@type":"BreadcrumbList","@id":"https:\/\/naturoterrehappy.fr\/index.php\/soins-reiki\/#breadcrumb","itemListElement":[{"@type":"ListItem","position":1,"name":"Accueil","item":"https:\/\/naturoterrehappy.fr\/"},{"@type":"ListItem","position":2,"name":"Soins Reiki"}]},{"@type":"WebSite","@id":"https:\/\/naturoterrehappy.fr\/#website","url":"https:\/\/naturoterrehappy.fr\/","name":"Naturo Terre Happy","description":"Les cl\u00e9s de la sant\u00e9:  Respecter sa Nature profonde, Respecter la Nature gu\u00e9risseuse, Respecter le vivant et ces lois","publisher":{"@id":"https:\/\/naturoterrehappy.fr\/#\/schema\/person\/8bf7540304db646eac9c6271483f14f5"},"potentialAction":[{"@type":"SearchAction","target":{"@type":"EntryPoint","urlTemplate":"https:\/\/naturoterrehappy.fr\/?s={search_term_string}"},"query-input":"required name=search_term_string"}],"inLanguage":"fr-FR"},{"@type":["Person","Organization"],"@id":"https:\/\/naturoterrehappy.fr\/#\/schema\/person\/8bf7540304db646eac9c6271483f14f5","name":"admin8212","image":{"@type":"ImageObject","inLanguage":"fr-FR","@id":"https:\/\/naturoterrehappy.fr\/#\/schema\/person\/image\/","url":"https:\/\/secure.gravatar.com\/avatar\/8ea9e5229c1252336ff46e6df56d34ff?s=96&d=mm&r=g","contentUrl":"https:\/\/secure.gravatar.com\/avatar\/8ea9e5229c1252336ff46e6df56d34ff?s=96&d=mm&r=g","caption":"admin8212"},"logo":{"@id":"https:\/\/naturoterrehappy.fr\/#\/schema\/person\/image\/"},"sameAs":["http:\/\/naturoterrehappy.fr","https:\/\/www.facebook.com\/virginie.verel","https:\/\/www.instagram.com\/virginieverel.naturoterrehappy\/","https:\/\/www.linkedin.com\/in\/virginie-verel-a68254211\/","https:\/\/www.pinterest.fr\/Naturoterrehappy\/","https:\/\/www.youtube.com\/channel\/UC322SLWURYVRVehV1hT8ubw"]}]}},"_links":{"self":[{"href":"https:\/\/naturoterrehappy.fr\/index.php\/wp-json\/wp\/v2\/pages\/383"}],"collection":[{"href":"https:\/\/naturoterrehappy.fr\/index.php\/wp-json\/wp\/v2\/pages"}],"about":[{"href":"https:\/\/naturoterrehappy.fr\/index.php\/wp-json\/wp\/v2\/types\/page"}],"author":[{"embeddable":true,"href":"https:\/\/naturoterrehappy.fr\/index.php\/wp-json\/wp\/v2\/users\/1"}],"replies":[{"embeddable":true,"href":"https:\/\/naturoterrehappy.fr\/index.php\/wp-json\/wp\/v2\/comments?post=383"}],"version-history":[{"count":6,"href":"https:\/\/naturoterrehappy.fr\/index.php\/wp-json\/wp\/v2\/pages\/383\/revisions"}],"predecessor-version":[{"id":1337,"href":"https:\/\/naturoterrehappy.fr\/index.php\/wp-json\/wp\/v2\/pages\/383\/revisions\/1337"}],"wp:attachment":[{"href":"https:\/\/naturoterrehappy.fr\/index.php\/wp-json\/wp\/v2\/media?parent=383"}],"curies":[{"name":"wp","href":"https:\/\/api.w.org\/{rel}","templated":true}]}}