{"id":409,"date":"2021-09-29T18:11:32","date_gmt":"2021-09-29T16:11:32","guid":{"rendered":"https:\/\/naturoterrehappy.fr\/?page_id=409"},"modified":"2026-01-05T15:57:57","modified_gmt":"2026-01-05T14:57:57","slug":"contact-et-prise-de-rendez-vous","status":"publish","type":"page","link":"https:\/\/naturoterrehappy.fr\/index.php\/contact-et-prise-de-rendez-vous\/","title":{"rendered":"Contact et prise de rendez vous"},"content":{"rendered":"<div id=\"wp-socials\" style=\"margin-top:20px;margin-bottom:0px;\"><div id=\"wp-socials-general-btn\"><div id=\"wp-socials-plusone\">\r\n                <!-- Place this tag in your head or just before your close body tag. -->\r\n                <script src=\"https:\/\/apis.google.com\/js\/platform.js\" async defer>\r\n                  {lang: 'fr'}\r\n                <\/script>\r\n\r\n                <!-- Place this tag where you want the share button to render. -->\r\n                <div class=\"g-plus\" data-action=\"share\" data-annotation=\"inline\" data-height=\"58\" data-size=\"small\" data-href=\"https:\/\/naturoterrehappy.fr\/index.php\/contact-et-prise-de-rendez-vous\/\"><\/div><\/div><\/div><div style=\"clear:both\"><\/div><\/div>\n<div class=\"wp-block-group is-layout-constrained wp-block-group-is-layout-constrained\"><div class=\"wp-block-group__inner-container\">\n<h1 class=\"wp-block-heading\"><mark style=\"background-color:rgba(0, 0, 0, 0);color:#8d4065\" class=\"has-inline-color\"><strong>APPEL DECOUVERTE<\/strong><\/mark><\/h1>\n\n\n\n<h2 class=\"wp-block-heading\">\ud83c\udf3f<mark style=\"background-color:rgba(0, 0, 0, 0)\" class=\"has-inline-color has-black-color\"> <\/mark><strong><mark style=\"background-color:rgba(0, 0, 0, 0);color:#94a35e\" class=\"has-inline-color\">Pourquoi l&rsquo;accompagnement commence toujours par un appel d\u00e9couverte<\/mark><\/strong><\/h2>\n\n\n\n<p>Avant chaque accompagnement, je propose d\u00e9sormais un <strong>appel d\u00e9couverte gratuit<\/strong>.<br>C\u2019est une \u00e9tape essentielle, souvent sous-estim\u00e9e\u2026 et pourtant pr\u00e9cieuse !<\/p>\n\n\n\n<h3 class=\"wp-block-heading\">Mais pourquoi passer par l\u00e0 avant de prendre un rendez-vous ?<\/h3>\n\n\n\n<p>Voici quelques <strong>bonnes raisons<\/strong> :<\/p>\n\n\n\n<h3 class=\"wp-block-heading\">\ud83d\udcac <strong><mark style=\"background-color:rgba(0, 0, 0, 0);color:#8d4065\" class=\"has-inline-color\">Pour faire connaissance en toute simplicit\u00e9<\/mark><\/strong><\/h3>\n\n\n\n<p>Cet appel est un <strong>espace de rencontre<\/strong>. Vous me partagez votre situation, vos besoins, vos questionnements. Et moi, je vous \u00e9coute avec attention, sans jugement pour poser les bases.<\/p>\n\n\n\n<h3 class=\"wp-block-heading\">\ud83c\udfaf <strong><mark style=\"background-color:rgba(0, 0, 0, 0);color:#8d4065\" class=\"has-inline-color\">Pour voir si je suis la bonne personne pour <\/mark>vous<\/strong><\/h3>\n\n\n\n<p>Je suis th\u00e9rapeute holistique, mais je ne pr\u00e9tends pas tout faire ni convenir \u00e0 tout le monde. Cet appel me permet de savoir si <strong>je peux r\u00e9ellement vous aider<\/strong>, et si <strong>mon approche<\/strong> est celle qui vous conviendra.<\/p>\n\n\n\n<h3 class=\"wp-block-heading\">\ud83d\udee0\ufe0f<mark style=\"background-color:rgba(0, 0, 0, 0);color:#8d4065\" class=\"has-inline-color\"> <strong>Pour vous proposer un accompagnement adapt\u00e9<\/strong><\/mark><\/h3>\n\n\n\n<p>Chaque personne est unique. Cet appel me permet de vous proposer la <strong>forme d\u2019accompagnement la plus juste<\/strong> : s\u00e9ance unique, suivi, soin \u00e9nerg\u00e9tique, ou autre. Pas de recettes toutes faites, mais du sur-mesure.<\/p>\n\n\n\n<h3 class=\"wp-block-heading\">\ud83c\udf31 <strong><mark style=\"background-color:rgba(0, 0, 0, 0);color:#8d4065\" class=\"has-inline-color\">Pour poser un cadre s\u00e9curisant<\/mark><\/strong><\/h3>\n\n\n\n<p>Avant de commencer tout travail ensemble, il est essentiel que vous vous senties <strong>en confiance, \u00e9cout\u00e9\u00b7e et respect\u00e9\u00b7e<\/strong>. L\u2019appel d\u00e9couverte vous permet de ressentir si vous \u00eates \u00e0 l\u2019aise, si vous voulez avancer avec moi.<\/p>\n\n\n\n<h3 class=\"wp-block-heading\">\ud83d\udca1 <strong><mark style=\"background-color:rgba(0, 0, 0, 0);color:#8d4065\" class=\"has-inline-color\">Et vous, \u00eates-vous pr\u00eat\u00b7e \u00e0 t\u2019investir pour vous ?<\/mark><\/strong><\/h3>\n\n\n\n<p>Cet appel d\u00e9couverte est aussi l\u2019occasion de vous poser une vraie question :<br><strong>Suis-je  pr\u00eat\u00b7e \u00e0 m\u2019offrir du temps, de l\u2019\u00e9coute et un espace pour \u00e9voluer ?<\/strong><\/p>\n\n\n\n<p>Car tout accompagnement, demande un <strong>engagement sinc\u00e8re envers vous-m\u00eame<\/strong>.<br>Ce n\u2019est pas seulement un investissement financier, mais un <strong>choix de vous accorder de l\u2019attention<\/strong>, de la pr\u00e9sence, de l\u2019amour\u2026 pour avancer vers ce que vous voulez vraiment vivre.<\/p>\n\n\n\n<p><\/p>\n\n\n\n<h2 class=\"wp-block-heading\">\u2728 <strong><mark style=\"background-color:rgba(0, 0, 0, 0);color:#8d4065\" class=\"has-inline-color\">Comment \u00e7a se passe concr\u00e8tement ?<\/mark><\/strong><\/h2>\n\n\n\n<p>L\u2019appel dure environ <strong>15 minutes<\/strong>,  par t\u00e9l\u00e9phone.<br>C\u2019est <strong>gratuit<\/strong>, sans engagement, et 100 % confidentiel.<\/p>\n\n\n\n<p>Vous pouvez r\u00e9server votre appel directement via mon lien <a href=\"https:\/\/calendly.com\/virginie-verel-naturo-terre-happy\">Calendly<\/a>.<br><\/p>\n\n\n\n<hr class=\"wp-block-separator has-alpha-channel-opacity\"\/>\n\n\n\n<p>\ud83d\udc49 <strong>Cet appel, c\u2019est la premi\u00e8re pierre<\/strong> d\u2019un chemin de transformation.<br>Un pas vers vous, vers plus de clart\u00e9, de mieux-\u00eatre et de reconnexion \u00e0 votre essence.<\/p>\n\n\n\n<h2 class=\"wp-block-heading\">\ud83d\udccd<strong><mark style=\"background-color:rgba(0, 0, 0, 0);color:#94a35e\" class=\"has-inline-color\">RENDEZ VOUS<\/mark><\/strong><\/h2>\n\n\n\n<p>Les rendez vous sont <strong>uniquement pris suite \u00e0 l&rsquo;appel t\u00e9l\u00e9phonique<\/strong>. <\/p>\n\n\n\n<p>Des disponibilit\u00e9s sont ouvertes chaque mois en Visio (via Google Meet) ou en pr\u00e9sentiel <\/p>\n\n\n\n<p>\ud83c\udf15 <a href=\"https:\/\/calendly.com\/virginie-verel-naturo-terre-happy\">R\u00e9serve ton moment de reconnexion int\u00e9rieure<\/a><\/p>\n\n\n\n<p>le lieu des rendez vous dans les locaux de <strong>Star and Co <\/strong><\/p>\n\n\n\n<p>Voie D &#8211; Z.I. Louis Delaporte, 76370 Rouxmesnil Bouteilles<\/p>\n<\/div><\/div>\n\n\n\n<p>Pour toutes autres demandes je ne r\u00e9ponds uniquement sur WhatsApp  06.89.26.52.18<\/p>\n\n\n\n<div class=\"wp-block-group is-layout-constrained wp-block-group-is-layout-constrained\"><div class=\"wp-block-group__inner-container\">\n<pre class=\"wp-block-code\"><code>\n<\/code><\/pre>\n<\/div><\/div>\n\n\n\n<p><\/p>\n\n\n\n<div class=\"wp-block-group is-layout-constrained wp-block-group-is-layout-constrained\"><div class=\"wp-block-group__inner-container\">\n<hr class=\"wp-block-separator has-alpha-channel-opacity\"\/>\n<\/div><\/div>\n\n\n\n<p><\/p>\n\n\n\n<p><\/p>\n","protected":false},"excerpt":{"rendered":"<div id=\"wp-socials\" style=\"margin-top:20px;margin-bottom:0px;\"><div id=\"wp-socials-general-btn\"><div id=\"wp-socials-plusone\">\r\n                <!-- Place this tag in your head or just before your close body tag. -->\r\n                <script src=\"https:\/\/apis.google.com\/js\/platform.js\" async defer>\r\n                  {lang: 'fr'}\r\n                <\/script>\r\n\r\n                <!-- Place this tag where you want the share button to render. -->\r\n                <div class=\"g-plus\" data-action=\"share\" data-annotation=\"inline\" data-height=\"58\" data-size=\"small\" data-href=\"https:\/\/naturoterrehappy.fr\/index.php\/contact-et-prise-de-rendez-vous\/\"><\/div><\/div><\/div><div style=\"clear:both\"><\/div><\/div><p>APPEL DECOUVERTE \ud83c\udf3f Pourquoi l&rsquo;accompagnement commence toujours par un appel d\u00e9couverte Avant chaque accompagnement, je propose d\u00e9sormais un appel d\u00e9couverte gratuit.C\u2019est une \u00e9tape essentielle, souvent sous-estim\u00e9e\u2026 et pourtant pr\u00e9cieuse ! Mais pourquoi passer par l\u00e0 avant de prendre un rendez-vous ? Voici quelques bonnes raisons : \ud83d\udcac Pour faire connaissance en toute simplicit\u00e9 Cet appel &hellip; <\/p>\n<p class=\"link-more\"><a href=\"https:\/\/naturoterrehappy.fr\/index.php\/contact-et-prise-de-rendez-vous\/\" class=\"more-link\">Continuer la lecture<span class=\"screen-reader-text\"> de &laquo;&nbsp;Contact et prise de rendez vous&nbsp;&raquo;<\/span><\/a><\/p>\n","protected":false},"author":1,"featured_media":1390,"parent":0,"menu_order":0,"comment_status":"closed","ping_status":"closed","template":"","meta":{"footnotes":""},"yoast_head":"<!-- This site is optimized with the Yoast SEO plugin v19.13 - https:\/\/yoast.com\/wordpress\/plugins\/seo\/ -->\n<title>Contact et prise de rendez vous - Naturo Terre Happy<\/title>\n<meta name=\"robots\" content=\"index, follow, max-snippet:-1, max-image-preview:large, max-video-preview:-1\" \/>\n<link rel=\"canonical\" href=\"https:\/\/naturoterrehappy.fr\/index.php\/contact-et-prise-de-rendez-vous\/\" \/>\n<meta property=\"og:locale\" content=\"fr_FR\" \/>\n<meta property=\"og:type\" content=\"article\" \/>\n<meta property=\"og:title\" content=\"Contact et prise de rendez vous - Naturo Terre Happy\" \/>\n<meta property=\"og:description\" content=\"APPEL DECOUVERTE \ud83c\udf3f Pourquoi l&rsquo;accompagnement commence toujours par un appel d\u00e9couverte Avant chaque accompagnement, je propose d\u00e9sormais un appel d\u00e9couverte gratuit.C\u2019est une \u00e9tape essentielle, souvent sous-estim\u00e9e\u2026 et pourtant pr\u00e9cieuse ! Mais pourquoi passer par l\u00e0 avant de prendre un rendez-vous ? Voici quelques bonnes raisons : \ud83d\udcac Pour faire connaissance en toute simplicit\u00e9 Cet appel &hellip; Continuer la lecture de &laquo;&nbsp;Contact et prise de rendez vous&nbsp;&raquo;\" \/>\n<meta property=\"og:url\" content=\"https:\/\/naturoterrehappy.fr\/index.php\/contact-et-prise-de-rendez-vous\/\" \/>\n<meta property=\"og:site_name\" content=\"Naturo Terre Happy\" \/>\n<meta property=\"article:publisher\" content=\"https:\/\/www.facebook.com\/virginie.verel\" \/>\n<meta property=\"article:modified_time\" content=\"2026-01-05T14:57:57+00:00\" \/>\n<meta property=\"og:image\" content=\"https:\/\/naturoterrehappy.fr\/wp-content\/uploads\/2024\/02\/NATURO-TERRE-HAPPY-8.1-1024x576.png\" \/>\n\t<meta property=\"og:image:width\" content=\"1024\" \/>\n\t<meta property=\"og:image:height\" content=\"576\" \/>\n\t<meta property=\"og:image:type\" content=\"image\/png\" \/>\n<meta name=\"twitter:card\" content=\"summary_large_image\" \/>\n<meta name=\"twitter:label1\" content=\"Dur\u00e9e de lecture estim\u00e9e\" \/>\n\t<meta name=\"twitter:data1\" content=\"1 minute\" \/>\n<script type=\"application\/ld+json\" class=\"yoast-schema-graph\">{\"@context\":\"https:\/\/schema.org\",\"@graph\":[{\"@type\":\"WebPage\",\"@id\":\"https:\/\/naturoterrehappy.fr\/index.php\/contact-et-prise-de-rendez-vous\/\",\"url\":\"https:\/\/naturoterrehappy.fr\/index.php\/contact-et-prise-de-rendez-vous\/\",\"name\":\"Contact et prise de rendez vous - Naturo Terre Happy\",\"isPartOf\":{\"@id\":\"https:\/\/naturoterrehappy.fr\/#website\"},\"datePublished\":\"2021-09-29T16:11:32+00:00\",\"dateModified\":\"2026-01-05T14:57:57+00:00\",\"breadcrumb\":{\"@id\":\"https:\/\/naturoterrehappy.fr\/index.php\/contact-et-prise-de-rendez-vous\/#breadcrumb\"},\"inLanguage\":\"fr-FR\",\"potentialAction\":[{\"@type\":\"ReadAction\",\"target\":[\"https:\/\/naturoterrehappy.fr\/index.php\/contact-et-prise-de-rendez-vous\/\"]}]},{\"@type\":\"BreadcrumbList\",\"@id\":\"https:\/\/naturoterrehappy.fr\/index.php\/contact-et-prise-de-rendez-vous\/#breadcrumb\",\"itemListElement\":[{\"@type\":\"ListItem\",\"position\":1,\"name\":\"Accueil\",\"item\":\"https:\/\/naturoterrehappy.fr\/\"},{\"@type\":\"ListItem\",\"position\":2,\"name\":\"Contact et prise de rendez vous\"}]},{\"@type\":\"WebSite\",\"@id\":\"https:\/\/naturoterrehappy.fr\/#website\",\"url\":\"https:\/\/naturoterrehappy.fr\/\",\"name\":\"Naturo Terre Happy\",\"description\":\"Les cl\u00e9s de la sant\u00e9:  Respecter sa Nature profonde, Respecter la Nature gu\u00e9risseuse, Respecter le vivant et ces lois\",\"publisher\":{\"@id\":\"https:\/\/naturoterrehappy.fr\/#\/schema\/person\/8bf7540304db646eac9c6271483f14f5\"},\"potentialAction\":[{\"@type\":\"SearchAction\",\"target\":{\"@type\":\"EntryPoint\",\"urlTemplate\":\"https:\/\/naturoterrehappy.fr\/?s={search_term_string}\"},\"query-input\":\"required name=search_term_string\"}],\"inLanguage\":\"fr-FR\"},{\"@type\":[\"Person\",\"Organization\"],\"@id\":\"https:\/\/naturoterrehappy.fr\/#\/schema\/person\/8bf7540304db646eac9c6271483f14f5\",\"name\":\"admin8212\",\"image\":{\"@type\":\"ImageObject\",\"inLanguage\":\"fr-FR\",\"@id\":\"https:\/\/naturoterrehappy.fr\/#\/schema\/person\/image\/\",\"url\":\"https:\/\/secure.gravatar.com\/avatar\/8ea9e5229c1252336ff46e6df56d34ff?s=96&d=mm&r=g\",\"contentUrl\":\"https:\/\/secure.gravatar.com\/avatar\/8ea9e5229c1252336ff46e6df56d34ff?s=96&d=mm&r=g\",\"caption\":\"admin8212\"},\"logo\":{\"@id\":\"https:\/\/naturoterrehappy.fr\/#\/schema\/person\/image\/\"},\"sameAs\":[\"http:\/\/naturoterrehappy.fr\",\"https:\/\/www.facebook.com\/virginie.verel\",\"https:\/\/www.instagram.com\/virginieverel.naturoterrehappy\/\",\"https:\/\/www.linkedin.com\/in\/virginie-verel-a68254211\/\",\"https:\/\/www.pinterest.fr\/Naturoterrehappy\/\",\"https:\/\/www.youtube.com\/channel\/UC322SLWURYVRVehV1hT8ubw\"]}]}<\/script>\n<!-- \/ Yoast SEO plugin. -->","yoast_head_json":{"title":"Contact et prise de rendez vous - Naturo Terre Happy","robots":{"index":"index","follow":"follow","max-snippet":"max-snippet:-1","max-image-preview":"max-image-preview:large","max-video-preview":"max-video-preview:-1"},"canonical":"https:\/\/naturoterrehappy.fr\/index.php\/contact-et-prise-de-rendez-vous\/","og_locale":"fr_FR","og_type":"article","og_title":"Contact et prise de rendez vous - Naturo Terre Happy","og_description":"APPEL DECOUVERTE \ud83c\udf3f Pourquoi l&rsquo;accompagnement commence toujours par un appel d\u00e9couverte Avant chaque accompagnement, je propose d\u00e9sormais un appel d\u00e9couverte gratuit.C\u2019est une \u00e9tape essentielle, souvent sous-estim\u00e9e\u2026 et pourtant pr\u00e9cieuse ! Mais pourquoi passer par l\u00e0 avant de prendre un rendez-vous ? Voici quelques bonnes raisons : \ud83d\udcac Pour faire connaissance en toute simplicit\u00e9 Cet appel &hellip; Continuer la lecture de &laquo;&nbsp;Contact et prise de rendez vous&nbsp;&raquo;","og_url":"https:\/\/naturoterrehappy.fr\/index.php\/contact-et-prise-de-rendez-vous\/","og_site_name":"Naturo Terre Happy","article_publisher":"https:\/\/www.facebook.com\/virginie.verel","article_modified_time":"2026-01-05T14:57:57+00:00","og_image":[{"width":1024,"height":576,"url":"https:\/\/naturoterrehappy.fr\/wp-content\/uploads\/2024\/02\/NATURO-TERRE-HAPPY-8.1-1024x576.png","type":"image\/png"}],"twitter_card":"summary_large_image","twitter_misc":{"Dur\u00e9e de lecture estim\u00e9e":"1 minute"},"schema":{"@context":"https:\/\/schema.org","@graph":[{"@type":"WebPage","@id":"https:\/\/naturoterrehappy.fr\/index.php\/contact-et-prise-de-rendez-vous\/","url":"https:\/\/naturoterrehappy.fr\/index.php\/contact-et-prise-de-rendez-vous\/","name":"Contact et prise de rendez vous - Naturo Terre Happy","isPartOf":{"@id":"https:\/\/naturoterrehappy.fr\/#website"},"datePublished":"2021-09-29T16:11:32+00:00","dateModified":"2026-01-05T14:57:57+00:00","breadcrumb":{"@id":"https:\/\/naturoterrehappy.fr\/index.php\/contact-et-prise-de-rendez-vous\/#breadcrumb"},"inLanguage":"fr-FR","potentialAction":[{"@type":"ReadAction","target":["https:\/\/naturoterrehappy.fr\/index.php\/contact-et-prise-de-rendez-vous\/"]}]},{"@type":"BreadcrumbList","@id":"https:\/\/naturoterrehappy.fr\/index.php\/contact-et-prise-de-rendez-vous\/#breadcrumb","itemListElement":[{"@type":"ListItem","position":1,"name":"Accueil","item":"https:\/\/naturoterrehappy.fr\/"},{"@type":"ListItem","position":2,"name":"Contact et prise de rendez vous"}]},{"@type":"WebSite","@id":"https:\/\/naturoterrehappy.fr\/#website","url":"https:\/\/naturoterrehappy.fr\/","name":"Naturo Terre Happy","description":"Les cl\u00e9s de la sant\u00e9:  Respecter sa Nature profonde, Respecter la Nature gu\u00e9risseuse, Respecter le vivant et ces lois","publisher":{"@id":"https:\/\/naturoterrehappy.fr\/#\/schema\/person\/8bf7540304db646eac9c6271483f14f5"},"potentialAction":[{"@type":"SearchAction","target":{"@type":"EntryPoint","urlTemplate":"https:\/\/naturoterrehappy.fr\/?s={search_term_string}"},"query-input":"required name=search_term_string"}],"inLanguage":"fr-FR"},{"@type":["Person","Organization"],"@id":"https:\/\/naturoterrehappy.fr\/#\/schema\/person\/8bf7540304db646eac9c6271483f14f5","name":"admin8212","image":{"@type":"ImageObject","inLanguage":"fr-FR","@id":"https:\/\/naturoterrehappy.fr\/#\/schema\/person\/image\/","url":"https:\/\/secure.gravatar.com\/avatar\/8ea9e5229c1252336ff46e6df56d34ff?s=96&d=mm&r=g","contentUrl":"https:\/\/secure.gravatar.com\/avatar\/8ea9e5229c1252336ff46e6df56d34ff?s=96&d=mm&r=g","caption":"admin8212"},"logo":{"@id":"https:\/\/naturoterrehappy.fr\/#\/schema\/person\/image\/"},"sameAs":["http:\/\/naturoterrehappy.fr","https:\/\/www.facebook.com\/virginie.verel","https:\/\/www.instagram.com\/virginieverel.naturoterrehappy\/","https:\/\/www.linkedin.com\/in\/virginie-verel-a68254211\/","https:\/\/www.pinterest.fr\/Naturoterrehappy\/","https:\/\/www.youtube.com\/channel\/UC322SLWURYVRVehV1hT8ubw"]}]}},"_links":{"self":[{"href":"https:\/\/naturoterrehappy.fr\/index.php\/wp-json\/wp\/v2\/pages\/409"}],"collection":[{"href":"https:\/\/naturoterrehappy.fr\/index.php\/wp-json\/wp\/v2\/pages"}],"about":[{"href":"https:\/\/naturoterrehappy.fr\/index.php\/wp-json\/wp\/v2\/types\/page"}],"author":[{"embeddable":true,"href":"https:\/\/naturoterrehappy.fr\/index.php\/wp-json\/wp\/v2\/users\/1"}],"replies":[{"embeddable":true,"href":"https:\/\/naturoterrehappy.fr\/index.php\/wp-json\/wp\/v2\/comments?post=409"}],"version-history":[{"count":40,"href":"https:\/\/naturoterrehappy.fr\/index.php\/wp-json\/wp\/v2\/pages\/409\/revisions"}],"predecessor-version":[{"id":1606,"href":"https:\/\/naturoterrehappy.fr\/index.php\/wp-json\/wp\/v2\/pages\/409\/revisions\/1606"}],"wp:featuredmedia":[{"embeddable":true,"href":"https:\/\/naturoterrehappy.fr\/index.php\/wp-json\/wp\/v2\/media\/1390"}],"wp:attachment":[{"href":"https:\/\/naturoterrehappy.fr\/index.php\/wp-json\/wp\/v2\/media?parent=409"}],"curies":[{"name":"wp","href":"https:\/\/api.w.org\/{rel}","templated":true}]}}